{"id":92,"date":"2025-02-04T20:18:07","date_gmt":"2025-02-04T20:18:07","guid":{"rendered":"https:\/\/zonatecnosur.com.ar\/?post_type=product&#038;p=92"},"modified":"2026-03-09T11:45:50","modified_gmt":"2026-03-09T14:45:50","slug":"main-40-mt56e1-mag2lg-2","status":"publish","type":"product","link":"https:\/\/zonatecnosur.com.ar\/?product=main-40-mt56e1-mag2lg-2","title":{"rendered":"40-MT56E1-MAG2LG Main Tv Rca L40nxsmart"},"content":{"rendered":"<p>C\u00f3digo: 40-mt56e1-mag2LG<\/p>\n<p>** <strong><em>VER CONECTOR DEL FLEX<\/em> <\/strong>**<\/p>\n<p>La placa fue probada antes de ser puesta a la venta , funciona correctamente, se retir\u00f3 de tv con pantalla rota.<br \/>\nArt\u00edculo original<br \/>\nSe recomienda su manipulaci\u00f3n s\u00f3lo por personal t\u00e9cnico calificado.<\/p>\n","protected":false},"excerpt":{"rendered":"<p>C\u00f3digo: 40-mt56e1-mag2LG ** VER CONECTOR DEL FLEX ** La placa fue probada antes de ser puesta a la venta , funciona correctamente, se retir\u00f3 de tv con pantalla rota. Art\u00edculo original Se recomienda su manipulaci\u00f3n s\u00f3lo por personal t\u00e9cnico calificado.<\/p>\n","protected":false},"featured_media":497,"template":"","meta":{"_monsterinsights_skip_tracking":false,"_monsterinsights_sitenote_active":false,"_monsterinsights_sitenote_note":"","_monsterinsights_sitenote_category":0},"product_brand":[44],"product_cat":[26],"product_tag":[67,122,55,35],"class_list":{"0":"post-92","1":"product","2":"type-product","3":"status-publish","4":"has-post-thumbnail","6":"product_brand-rca","7":"product_cat-repuestos","8":"product_tag-40-mt56e1-mag2lg","9":"product_tag-l40nxsmart","10":"product_tag-main","11":"product_tag-rca","12":"product_shipping_class-correo-argentino","14":"first","15":"instock","16":"featured","17":"shipping-taxable","18":"purchasable","19":"product-type-simple"},"_links":{"self":[{"href":"https:\/\/zonatecnosur.com.ar\/index.php?rest_route=\/wp\/v2\/product\/92","targetHints":{"allow":["GET"]}}],"collection":[{"href":"https:\/\/zonatecnosur.com.ar\/index.php?rest_route=\/wp\/v2\/product"}],"about":[{"href":"https:\/\/zonatecnosur.com.ar\/index.php?rest_route=\/wp\/v2\/types\/product"}],"wp:featuredmedia":[{"embeddable":true,"href":"https:\/\/zonatecnosur.com.ar\/index.php?rest_route=\/wp\/v2\/media\/497"}],"wp:attachment":[{"href":"https:\/\/zonatecnosur.com.ar\/index.php?rest_route=%2Fwp%2Fv2%2Fmedia&parent=92"}],"wp:term":[{"taxonomy":"product_brand","embeddable":true,"href":"https:\/\/zonatecnosur.com.ar\/index.php?rest_route=%2Fwp%2Fv2%2Fproduct_brand&post=92"},{"taxonomy":"product_cat","embeddable":true,"href":"https:\/\/zonatecnosur.com.ar\/index.php?rest_route=%2Fwp%2Fv2%2Fproduct_cat&post=92"},{"taxonomy":"product_tag","embeddable":true,"href":"https:\/\/zonatecnosur.com.ar\/index.php?rest_route=%2Fwp%2Fv2%2Fproduct_tag&post=92"}],"curies":[{"name":"wp","href":"https:\/\/api.w.org\/{rel}","templated":true}]}}