{"id":692,"date":"2026-04-17T11:40:53","date_gmt":"2026-04-17T14:40:53","guid":{"rendered":"https:\/\/zonatecnosur.com.ar\/?post_type=product&#038;p=692"},"modified":"2026-04-17T11:40:53","modified_gmt":"2026-04-17T14:40:53","slug":"bn96-30816d-flex-lvds-tv-samsung-un50fh5303","status":"publish","type":"product","link":"https:\/\/zonatecnosur.com.ar\/?product=bn96-30816d-flex-lvds-tv-samsung-un50fh5303","title":{"rendered":"BN96-30816D flex lvds Tv SAMSUNG UN50FH5303"},"content":{"rendered":"<p><em><strong>C\u00f3digo<\/strong><\/em>: bn96-3081d<\/p>\n<p><em><strong>Compatible<\/strong><\/em>: Tv Samsung un50fh5303gcfv<\/p>\n<p>Producto USADO en perfecto estado. Art\u00edculo original.<\/p>\n<p>Se recomienda su manipulaci\u00f3n s\u00f3lo por personal t\u00e9cnico calificado, especializado en la reparaci\u00f3n de TV.<\/p>\n","protected":false},"excerpt":{"rendered":"<p>C\u00f3digo: bn96-3081d Compatible: Tv Samsung un50fh5303gcfv Producto USADO en perfecto estado. Art\u00edculo original. Se recomienda su manipulaci\u00f3n s\u00f3lo por personal t\u00e9cnico calificado, especializado en la reparaci\u00f3n de TV.<\/p>\n","protected":false},"featured_media":693,"template":"","meta":{"_monsterinsights_skip_tracking":false,"_monsterinsights_sitenote_active":false,"_monsterinsights_sitenote_note":"","_monsterinsights_sitenote_category":0},"product_brand":[42],"product_cat":[26],"product_tag":[179,139,178,173],"class_list":{"0":"post-692","1":"product","2":"type-product","3":"status-publish","4":"has-post-thumbnail","6":"product_brand-samsung","7":"product_cat-repuestos","8":"product_tag-bn96-30816d","9":"product_tag-flex-lvds","10":"product_tag-tv-samsung","11":"product_tag-un50fh5303","12":"product_shipping_class-correo-argentino","14":"first","15":"instock","16":"shipping-taxable","17":"purchasable","18":"product-type-simple"},"_links":{"self":[{"href":"https:\/\/zonatecnosur.com.ar\/index.php?rest_route=\/wp\/v2\/product\/692","targetHints":{"allow":["GET"]}}],"collection":[{"href":"https:\/\/zonatecnosur.com.ar\/index.php?rest_route=\/wp\/v2\/product"}],"about":[{"href":"https:\/\/zonatecnosur.com.ar\/index.php?rest_route=\/wp\/v2\/types\/product"}],"wp:featuredmedia":[{"embeddable":true,"href":"https:\/\/zonatecnosur.com.ar\/index.php?rest_route=\/wp\/v2\/media\/693"}],"wp:attachment":[{"href":"https:\/\/zonatecnosur.com.ar\/index.php?rest_route=%2Fwp%2Fv2%2Fmedia&parent=692"}],"wp:term":[{"taxonomy":"product_brand","embeddable":true,"href":"https:\/\/zonatecnosur.com.ar\/index.php?rest_route=%2Fwp%2Fv2%2Fproduct_brand&post=692"},{"taxonomy":"product_cat","embeddable":true,"href":"https:\/\/zonatecnosur.com.ar\/index.php?rest_route=%2Fwp%2Fv2%2Fproduct_cat&post=692"},{"taxonomy":"product_tag","embeddable":true,"href":"https:\/\/zonatecnosur.com.ar\/index.php?rest_route=%2Fwp%2Fv2%2Fproduct_tag&post=692"}],"curies":[{"name":"wp","href":"https:\/\/api.w.org\/{rel}","templated":true}]}}