{"id":688,"date":"2026-04-17T10:10:54","date_gmt":"2026-04-17T13:10:54","guid":{"rendered":"https:\/\/zonatecnosur.com.ar\/?post_type=product&#038;p=688"},"modified":"2026-04-17T10:10:54","modified_gmt":"2026-04-17T13:10:54","slug":"t500hvf02-2-ctrl-bd-tcon-tv-samsung-un50fh5303gcfv","status":"publish","type":"product","link":"https:\/\/zonatecnosur.com.ar\/?product=t500hvf02-2-ctrl-bd-tcon-tv-samsung-un50fh5303gcfv","title":{"rendered":"T500HVF02.2 Ctrl BD tCon TV SAMSUNG UN50FH5303GCFV"},"content":{"rendered":"<p><em><strong>C\u00f3digo:<\/strong><\/em> t500hvf02.0 ctrl bd 50t12-c05<\/p>\n<p><em><strong>Compatible:<\/strong><\/em> Tv Samsung un50fh5303gcfv.<\/p>\n<p><strong>La placa fue probada antes de ponerla a la venta<\/strong>, funciona correctamente, se retir\u00f3 de tv con pantalla rota.<br \/>\nArt\u00edculo original.<\/p>\n<p>Se recomienda su manipulaci\u00f3n s\u00f3lo por personal t\u00e9cnico calificado, especializado en la reparaci\u00f3n de TV.<\/p>\n","protected":false},"excerpt":{"rendered":"<p>C\u00f3digo: t500hvf02.0 ctrl bd 50t12-c05 Compatible: Tv Samsung un50fh5303gcfv. La placa fue probada antes de ponerla a la venta, funciona correctamente, se retir\u00f3 de tv con pantalla rota. Art\u00edculo original. Se recomienda su manipulaci\u00f3n s\u00f3lo por personal t\u00e9cnico calificado, especializado en la reparaci\u00f3n de TV.<\/p>\n","protected":false},"featured_media":689,"template":"","meta":{"_monsterinsights_skip_tracking":false,"_monsterinsights_sitenote_active":false,"_monsterinsights_sitenote_note":"","_monsterinsights_sitenote_category":0},"product_brand":[42],"product_cat":[26],"product_tag":[176,125,173],"class_list":{"0":"post-688","1":"product","2":"type-product","3":"status-publish","4":"has-post-thumbnail","6":"product_brand-samsung","7":"product_cat-repuestos","8":"product_tag-t500hvf02-0-ctrl-bd-50t12-c05","9":"product_tag-tcon","10":"product_tag-un50fh5303","11":"product_shipping_class-correo-argentino","13":"first","14":"instock","15":"shipping-taxable","16":"purchasable","17":"product-type-simple"},"_links":{"self":[{"href":"https:\/\/zonatecnosur.com.ar\/index.php?rest_route=\/wp\/v2\/product\/688","targetHints":{"allow":["GET"]}}],"collection":[{"href":"https:\/\/zonatecnosur.com.ar\/index.php?rest_route=\/wp\/v2\/product"}],"about":[{"href":"https:\/\/zonatecnosur.com.ar\/index.php?rest_route=\/wp\/v2\/types\/product"}],"wp:featuredmedia":[{"embeddable":true,"href":"https:\/\/zonatecnosur.com.ar\/index.php?rest_route=\/wp\/v2\/media\/689"}],"wp:attachment":[{"href":"https:\/\/zonatecnosur.com.ar\/index.php?rest_route=%2Fwp%2Fv2%2Fmedia&parent=688"}],"wp:term":[{"taxonomy":"product_brand","embeddable":true,"href":"https:\/\/zonatecnosur.com.ar\/index.php?rest_route=%2Fwp%2Fv2%2Fproduct_brand&post=688"},{"taxonomy":"product_cat","embeddable":true,"href":"https:\/\/zonatecnosur.com.ar\/index.php?rest_route=%2Fwp%2Fv2%2Fproduct_cat&post=688"},{"taxonomy":"product_tag","embeddable":true,"href":"https:\/\/zonatecnosur.com.ar\/index.php?rest_route=%2Fwp%2Fv2%2Fproduct_tag&post=688"}],"curies":[{"name":"wp","href":"https:\/\/api.w.org\/{rel}","templated":true}]}}