{"id":686,"date":"2026-04-14T12:29:34","date_gmt":"2026-04-14T15:29:34","guid":{"rendered":"https:\/\/zonatecnosur.com.ar\/?post_type=product&#038;p=686"},"modified":"2026-04-14T12:36:32","modified_gmt":"2026-04-14T15:36:32","slug":"bn41-02144a","status":"publish","type":"product","link":"https:\/\/zonatecnosur.com.ar\/?product=bn41-02144a","title":{"rendered":"BN41-02144A Main Tv Samsung UN50FH5303GCFV"},"content":{"rendered":"<p><em><strong>C\u00f3digo:<\/strong><\/em> bn41-02144a<\/p>\n<p><em><strong>Compatible: <\/strong><\/em>UN40FH5303 UN40FH5300gcdf UN50FH5303 un50fh5303gxzb<\/p>\n<p><strong>La placa fue probada antes de ponerla a la venta<\/strong>, funciona correctamente, se retir\u00f3 de tv con pantalla rota.<br \/>\nArt\u00edculo original.<\/p>\n<p>Se recomienda su manipulaci\u00f3n s\u00f3lo por personal t\u00e9cnico calificado, especializado en la reparaci\u00f3n de TV.<\/p>\n<p>&nbsp;<\/p>\n","protected":false},"excerpt":{"rendered":"<p><img loading=\"lazy\" decoding=\"async\" class=\"alignnone size-full wp-image-575\" src=\"https:\/\/zonatecnosur.com.ar\/wp-content\/uploads\/2026\/01\/envioGratis.png\" alt=\"\" width=\"164\" height=\"66\" \/><\/p>\n","protected":false},"featured_media":687,"template":"","meta":{"_monsterinsights_skip_tracking":false,"_monsterinsights_sitenote_active":false,"_monsterinsights_sitenote_note":"","_monsterinsights_sitenote_category":0},"product_brand":[42],"product_cat":[26],"product_tag":[174,175,173],"class_list":{"0":"post-686","1":"product","2":"type-product","3":"status-publish","4":"has-post-thumbnail","6":"product_brand-samsung","7":"product_cat-repuestos","8":"product_tag-bn41-02144a","9":"product_tag-main-tv-samsung","10":"product_tag-un50fh5303","11":"product_shipping_class-envio-gratis","13":"first","14":"instock","15":"shipping-taxable","16":"purchasable","17":"product-type-simple"},"_links":{"self":[{"href":"https:\/\/zonatecnosur.com.ar\/index.php?rest_route=\/wp\/v2\/product\/686","targetHints":{"allow":["GET"]}}],"collection":[{"href":"https:\/\/zonatecnosur.com.ar\/index.php?rest_route=\/wp\/v2\/product"}],"about":[{"href":"https:\/\/zonatecnosur.com.ar\/index.php?rest_route=\/wp\/v2\/types\/product"}],"wp:featuredmedia":[{"embeddable":true,"href":"https:\/\/zonatecnosur.com.ar\/index.php?rest_route=\/wp\/v2\/media\/687"}],"wp:attachment":[{"href":"https:\/\/zonatecnosur.com.ar\/index.php?rest_route=%2Fwp%2Fv2%2Fmedia&parent=686"}],"wp:term":[{"taxonomy":"product_brand","embeddable":true,"href":"https:\/\/zonatecnosur.com.ar\/index.php?rest_route=%2Fwp%2Fv2%2Fproduct_brand&post=686"},{"taxonomy":"product_cat","embeddable":true,"href":"https:\/\/zonatecnosur.com.ar\/index.php?rest_route=%2Fwp%2Fv2%2Fproduct_cat&post=686"},{"taxonomy":"product_tag","embeddable":true,"href":"https:\/\/zonatecnosur.com.ar\/index.php?rest_route=%2Fwp%2Fv2%2Fproduct_tag&post=686"}],"curies":[{"name":"wp","href":"https:\/\/api.w.org\/{rel}","templated":true}]}}