{"id":651,"date":"2026-03-12T16:38:22","date_gmt":"2026-03-12T19:38:22","guid":{"rendered":"https:\/\/zonatecnosur.com.ar\/?post_type=product&#038;p=651"},"modified":"2026-03-12T16:38:22","modified_gmt":"2026-03-12T19:38:22","slug":"168p-p50dxm-w0-5800-p50dxm-w000-driver-led-fuente","status":"publish","type":"product","link":"https:\/\/zonatecnosur.com.ar\/?product=168p-p50dxm-w0-5800-p50dxm-w000-driver-led-fuente","title":{"rendered":"168P-P50DXM-W0 5800-P50DXM-W000 Driver Led Fuente"},"content":{"rendered":"<p>C\u00f3digo: 168p-p50dxm-w0 5800-p50dxm-w000<\/p>\n<p>Compatible: Tv Tonomac LED50E700TO-S10 \/ Tv Ken Brown Led50e700kb-s1<\/p>\n<p><strong>La placa fue probada antes de ponerla a la venta<\/strong>, funciona correctamente, se retir\u00f3 de tv con pantalla rota.<br \/>\nArt\u00edculo original.<\/p>\n<p>Se recomienda su manipulaci\u00f3n s\u00f3lo por personal t\u00e9cnico calificado, especializado en la reparaci\u00f3n de TV.<\/p>\n","protected":false},"excerpt":{"rendered":"<p>C\u00f3digo: 168p-p50dxm-w0 5800-p50dxm-w000 Compatible: Tv Tonomac LED50E700TO-S10 \/ Tv Ken Brown Led50e700kb-s1 La placa fue probada antes de ponerla a la venta, funciona correctamente, se retir\u00f3 de tv con pantalla rota. Art\u00edculo original. Se recomienda su manipulaci\u00f3n s\u00f3lo por personal t\u00e9cnico calificado, especializado en la reparaci\u00f3n de TV.<\/p>\n","protected":false},"featured_media":652,"template":"","meta":{"_monsterinsights_skip_tracking":false,"_monsterinsights_sitenote_active":false,"_monsterinsights_sitenote_note":"","_monsterinsights_sitenote_category":0},"product_brand":[166],"product_cat":[26],"product_tag":[172,84,168],"class_list":{"0":"post-651","1":"product","2":"type-product","3":"status-publish","4":"has-post-thumbnail","6":"product_brand-tonomac","7":"product_cat-repuestos","8":"product_tag-168p-p50dxm-w0-5800-p50dxm-w000","9":"product_tag-driver-led","10":"product_tag-tonomac","11":"product_shipping_class-correo-argentino","13":"first","14":"instock","15":"shipping-taxable","16":"purchasable","17":"product-type-simple"},"_links":{"self":[{"href":"https:\/\/zonatecnosur.com.ar\/index.php?rest_route=\/wp\/v2\/product\/651","targetHints":{"allow":["GET"]}}],"collection":[{"href":"https:\/\/zonatecnosur.com.ar\/index.php?rest_route=\/wp\/v2\/product"}],"about":[{"href":"https:\/\/zonatecnosur.com.ar\/index.php?rest_route=\/wp\/v2\/types\/product"}],"wp:featuredmedia":[{"embeddable":true,"href":"https:\/\/zonatecnosur.com.ar\/index.php?rest_route=\/wp\/v2\/media\/652"}],"wp:attachment":[{"href":"https:\/\/zonatecnosur.com.ar\/index.php?rest_route=%2Fwp%2Fv2%2Fmedia&parent=651"}],"wp:term":[{"taxonomy":"product_brand","embeddable":true,"href":"https:\/\/zonatecnosur.com.ar\/index.php?rest_route=%2Fwp%2Fv2%2Fproduct_brand&post=651"},{"taxonomy":"product_cat","embeddable":true,"href":"https:\/\/zonatecnosur.com.ar\/index.php?rest_route=%2Fwp%2Fv2%2Fproduct_cat&post=651"},{"taxonomy":"product_tag","embeddable":true,"href":"https:\/\/zonatecnosur.com.ar\/index.php?rest_route=%2Fwp%2Fv2%2Fproduct_tag&post=651"}],"curies":[{"name":"wp","href":"https:\/\/api.w.org\/{rel}","templated":true}]}}