{"id":644,"date":"2026-03-11T18:13:14","date_gmt":"2026-03-11T21:13:14","guid":{"rendered":"https:\/\/zonatecnosur.com.ar\/?post_type=product&#038;p=644"},"modified":"2026-03-11T18:13:14","modified_gmt":"2026-03-11T21:13:14","slug":"amp50s-ckd-sw-fuente-tv-tonomac-led50e700to-s10","status":"publish","type":"product","link":"https:\/\/zonatecnosur.com.ar\/?product=amp50s-ckd-sw-fuente-tv-tonomac-led50e700to-s10","title":{"rendered":"AMP50S-CKD-SW Fuente Tv TONOMAC LED50E700TO-S10"},"content":{"rendered":"<p><em><strong><span dir=\"auto\">C\u00f3digo:<\/span><\/strong><\/em><span dir=\"auto\"> amp50s-ckd-sw<\/span><\/p>\n<p><em><strong><span dir=\"auto\">Compatible:<\/span><\/strong><\/em><span dir=\"auto\"> Tv <\/span><span dir=\"auto\">TONOMAC led50e700to-s10 \/ <\/span>Tv TONOMAC led50e700tosmart-2 \/ Tv KEN BROWN led50e700kb-s1<\/p>\n<p><strong>La placa fue probada antes de ponerla a la venta<\/strong>, funciona correctamente, se retir\u00f3 de tv con pantalla rota.<br \/>\nArt\u00edculo original.<\/p>\n<p>Se recomienda su manipulaci\u00f3n s\u00f3lo por personal t\u00e9cnico calificado, especializado en la reparaci\u00f3n de TV.<\/p>\n","protected":false},"excerpt":{"rendered":"<p><img loading=\"lazy\" decoding=\"async\" class=\"alignnone size-full wp-image-575\" src=\"https:\/\/zonatecnosur.com.ar\/wp-content\/uploads\/2026\/01\/envioGratis.png\" alt=\"\" width=\"164\" height=\"66\" \/><\/p>\n","protected":false},"featured_media":645,"template":"","meta":{"_monsterinsights_skip_tracking":false,"_monsterinsights_sitenote_active":false,"_monsterinsights_sitenote_note":"","_monsterinsights_sitenote_category":0},"product_brand":[166],"product_cat":[26],"product_tag":[169,136,170,168],"class_list":{"0":"post-644","1":"product","2":"type-product","3":"status-publish","4":"has-post-thumbnail","6":"product_brand-tonomac","7":"product_cat-repuestos","8":"product_tag-amp50s-ckd-sw","9":"product_tag-fuente-tv","10":"product_tag-led50e700to-s10","11":"product_tag-tonomac","12":"product_shipping_class-envio-gratis","14":"first","15":"instock","16":"shipping-taxable","17":"purchasable","18":"product-type-simple"},"_links":{"self":[{"href":"https:\/\/zonatecnosur.com.ar\/index.php?rest_route=\/wp\/v2\/product\/644","targetHints":{"allow":["GET"]}}],"collection":[{"href":"https:\/\/zonatecnosur.com.ar\/index.php?rest_route=\/wp\/v2\/product"}],"about":[{"href":"https:\/\/zonatecnosur.com.ar\/index.php?rest_route=\/wp\/v2\/types\/product"}],"wp:featuredmedia":[{"embeddable":true,"href":"https:\/\/zonatecnosur.com.ar\/index.php?rest_route=\/wp\/v2\/media\/645"}],"wp:attachment":[{"href":"https:\/\/zonatecnosur.com.ar\/index.php?rest_route=%2Fwp%2Fv2%2Fmedia&parent=644"}],"wp:term":[{"taxonomy":"product_brand","embeddable":true,"href":"https:\/\/zonatecnosur.com.ar\/index.php?rest_route=%2Fwp%2Fv2%2Fproduct_brand&post=644"},{"taxonomy":"product_cat","embeddable":true,"href":"https:\/\/zonatecnosur.com.ar\/index.php?rest_route=%2Fwp%2Fv2%2Fproduct_cat&post=644"},{"taxonomy":"product_tag","embeddable":true,"href":"https:\/\/zonatecnosur.com.ar\/index.php?rest_route=%2Fwp%2Fv2%2Fproduct_tag&post=644"}],"curies":[{"name":"wp","href":"https:\/\/api.w.org\/{rel}","templated":true}]}}