{"id":642,"date":"2026-03-11T17:10:37","date_gmt":"2026-03-11T20:10:37","guid":{"rendered":"https:\/\/zonatecnosur.com.ar\/?post_type=product&#038;p=642"},"modified":"2026-03-11T18:13:55","modified_gmt":"2026-03-11T21:13:55","slug":"5800-a5m70b-0p10-main-tv-tonomac-led50e700to-s10","status":"publish","type":"product","link":"https:\/\/zonatecnosur.com.ar\/?product=5800-a5m70b-0p10-main-tv-tonomac-led50e700to-s10","title":{"rendered":"5800-A5M70B-0P10 Main Tv TONOMAC LED50E700TO-S10"},"content":{"rendered":"<p><em><strong><span dir=\"auto\" style=\"vertical-align: inherit;\"><span dir=\"auto\" style=\"vertical-align: inherit;\">C\u00f3digo:<\/span><\/span><\/strong><\/em><span dir=\"auto\" style=\"vertical-align: inherit;\"><span dir=\"auto\" style=\"vertical-align: inherit;\"> 5800-a5m70b-0p10 ver00.01<\/span><\/span><\/p>\n<p><em><strong><span dir=\"auto\" style=\"vertical-align: inherit;\"><span dir=\"auto\" style=\"vertical-align: inherit;\">Compatible:<\/span><\/span><\/strong><\/em><span dir=\"auto\" style=\"vertical-align: inherit;\"><span dir=\"auto\" style=\"vertical-align: inherit;\"> Televisor<\/span><\/span><span dir=\"auto\" style=\"vertical-align: inherit;\"><span dir=\"auto\" style=\"vertical-align: inherit;\">TONOMAC led50e700to-s10 \/ Televisor TONOMAC led50e700to-s2<\/span><\/span><span dir=\"auto\" style=\"vertical-align: inherit;\"><span dir=\"auto\" style=\"vertical-align: inherit;\">\/ Televisor KEN BROWN led50e700kb-s1<\/span><\/span><\/p>\n<p><strong>La placa fue probada antes de ponerla a la venta<\/strong>, funciona correctamente, se retir\u00f3 de tv con pantalla rota.<br \/>\nArt\u00edculo original.<\/p>\n<p>Se recomienda su manipulaci\u00f3n s\u00f3lo por personal t\u00e9cnico calificado, especializado en la reparaci\u00f3n de TV.<\/p>\n","protected":false},"excerpt":{"rendered":"<p><img loading=\"lazy\" decoding=\"async\" class=\"alignnone size-full wp-image-575\" src=\"https:\/\/zonatecnosur.com.ar\/wp-content\/uploads\/2026\/01\/envioGratis.png\" alt=\"\" width=\"164\" height=\"66\" \/><\/p>\n","protected":false},"featured_media":643,"template":"","meta":{"_monsterinsights_skip_tracking":false,"_monsterinsights_sitenote_active":false,"_monsterinsights_sitenote_note":"","_monsterinsights_sitenote_category":0},"product_brand":[166],"product_cat":[26],"product_tag":[167,55,168],"class_list":{"0":"post-642","1":"product","2":"type-product","3":"status-publish","4":"has-post-thumbnail","6":"product_brand-tonomac","7":"product_cat-repuestos","8":"product_tag-5800-a5m70b-0p10","9":"product_tag-main","10":"product_tag-tonomac","11":"product_shipping_class-envio-gratis","13":"first","14":"instock","15":"shipping-taxable","16":"purchasable","17":"product-type-simple"},"_links":{"self":[{"href":"https:\/\/zonatecnosur.com.ar\/index.php?rest_route=\/wp\/v2\/product\/642","targetHints":{"allow":["GET"]}}],"collection":[{"href":"https:\/\/zonatecnosur.com.ar\/index.php?rest_route=\/wp\/v2\/product"}],"about":[{"href":"https:\/\/zonatecnosur.com.ar\/index.php?rest_route=\/wp\/v2\/types\/product"}],"wp:featuredmedia":[{"embeddable":true,"href":"https:\/\/zonatecnosur.com.ar\/index.php?rest_route=\/wp\/v2\/media\/643"}],"wp:attachment":[{"href":"https:\/\/zonatecnosur.com.ar\/index.php?rest_route=%2Fwp%2Fv2%2Fmedia&parent=642"}],"wp:term":[{"taxonomy":"product_brand","embeddable":true,"href":"https:\/\/zonatecnosur.com.ar\/index.php?rest_route=%2Fwp%2Fv2%2Fproduct_brand&post=642"},{"taxonomy":"product_cat","embeddable":true,"href":"https:\/\/zonatecnosur.com.ar\/index.php?rest_route=%2Fwp%2Fv2%2Fproduct_cat&post=642"},{"taxonomy":"product_tag","embeddable":true,"href":"https:\/\/zonatecnosur.com.ar\/index.php?rest_route=%2Fwp%2Fv2%2Fproduct_tag&post=642"}],"curies":[{"name":"wp","href":"https:\/\/api.w.org\/{rel}","templated":true}]}}