{"id":609,"date":"2026-02-11T11:22:47","date_gmt":"2026-02-11T14:22:47","guid":{"rendered":"https:\/\/zonatecnosur.com.ar\/?post_type=product&#038;p=609"},"modified":"2026-02-11T11:22:47","modified_gmt":"2026-02-11T14:22:47","slug":"715g7734-p01-005-002h-fuente-tv-philips-32phg5102-77","status":"publish","type":"product","link":"https:\/\/zonatecnosur.com.ar\/?product=715g7734-p01-005-002h-fuente-tv-philips-32phg5102-77","title":{"rendered":"715G7734-P01-005-002H Fuente Tv Philips 32phg5102\/77"},"content":{"rendered":"<p><em><strong>C\u00f3digo:<\/strong><\/em> 715g7734-p01-005-002h tpv<\/p>\n<p><em><strong>Compatibilidad:\u00a0<\/strong><\/em>Tv Philips 32phg5102\/77<\/p>\n<p><em><strong>** VER CONECTORES **<\/strong><\/em><\/p>\n<p><strong>La placa fue probada antes de ponerla a la venta<\/strong>, funciona correctamente, se retir\u00f3 de tv con pantalla rota.<br \/>\nArt\u00edculo original.<\/p>\n<p>Se recomienda su manipulaci\u00f3n s\u00f3lo por personal t\u00e9cnico calificado, especializado en la reparaci\u00f3n de TV.<\/p>\n","protected":false},"excerpt":{"rendered":"<p>C\u00f3digo: 715g7734-p01-005-002h tpv Compatibilidad:\u00a0Tv Philips 32phg5102\/77 ** VER CONECTORES ** La placa fue probada antes de ponerla a la venta, funciona correctamente, se retir\u00f3 de tv con pantalla rota. Art\u00edculo original. Se recomienda su manipulaci\u00f3n s\u00f3lo por personal t\u00e9cnico calificado, especializado en la reparaci\u00f3n de TV.<\/p>\n","protected":false},"featured_media":610,"template":"","meta":{"_monsterinsights_skip_tracking":false,"_monsterinsights_sitenote_active":false,"_monsterinsights_sitenote_note":"","_monsterinsights_sitenote_category":0},"product_brand":[43],"product_cat":[26],"product_tag":[150,149,136,145],"class_list":{"0":"post-609","1":"product","2":"type-product","3":"status-publish","4":"has-post-thumbnail","6":"product_brand-philips","7":"product_cat-repuestos","8":"product_tag-32phg5102-77","9":"product_tag-715g7734-p01-005-002h","10":"product_tag-fuente-tv","11":"product_tag-tv-philips","12":"product_shipping_class-correo-argentino","14":"first","15":"instock","16":"shipping-taxable","17":"purchasable","18":"product-type-simple"},"_links":{"self":[{"href":"https:\/\/zonatecnosur.com.ar\/index.php?rest_route=\/wp\/v2\/product\/609","targetHints":{"allow":["GET"]}}],"collection":[{"href":"https:\/\/zonatecnosur.com.ar\/index.php?rest_route=\/wp\/v2\/product"}],"about":[{"href":"https:\/\/zonatecnosur.com.ar\/index.php?rest_route=\/wp\/v2\/types\/product"}],"wp:featuredmedia":[{"embeddable":true,"href":"https:\/\/zonatecnosur.com.ar\/index.php?rest_route=\/wp\/v2\/media\/610"}],"wp:attachment":[{"href":"https:\/\/zonatecnosur.com.ar\/index.php?rest_route=%2Fwp%2Fv2%2Fmedia&parent=609"}],"wp:term":[{"taxonomy":"product_brand","embeddable":true,"href":"https:\/\/zonatecnosur.com.ar\/index.php?rest_route=%2Fwp%2Fv2%2Fproduct_brand&post=609"},{"taxonomy":"product_cat","embeddable":true,"href":"https:\/\/zonatecnosur.com.ar\/index.php?rest_route=%2Fwp%2Fv2%2Fproduct_cat&post=609"},{"taxonomy":"product_tag","embeddable":true,"href":"https:\/\/zonatecnosur.com.ar\/index.php?rest_route=%2Fwp%2Fv2%2Fproduct_tag&post=609"}],"curies":[{"name":"wp","href":"https:\/\/api.w.org\/{rel}","templated":true}]}}