{"id":602,"date":"2026-02-10T19:47:01","date_gmt":"2026-02-10T22:47:01","guid":{"rendered":"https:\/\/zonatecnosur.com.ar\/?post_type=product&#038;p=602"},"modified":"2026-02-10T19:47:01","modified_gmt":"2026-02-10T22:47:01","slug":"6870c-0532a-tcon-tv-philips-43pfg5101-77-2-flex-lvds","status":"publish","type":"product","link":"https:\/\/zonatecnosur.com.ar\/?product=6870c-0532a-tcon-tv-philips-43pfg5101-77-2-flex-lvds","title":{"rendered":"6870c-0532a tCon Tv Philips 43pfg5101\/77 + 2 flex lvds"},"content":{"rendered":"<p><em><strong>C\u00f3digo:<\/strong><\/em> 6870c-0532a<\/p>\n<p><strong>La placa fue probada antes de ponerla a la venta. <\/strong><\/p>\n<p><strong>Los flex est\u00e1n en perfecto estado.<\/strong><\/p>\n<p>Funciona correctamente, se retir\u00f3 de tv con pantalla rota.<br \/>\nArt\u00edculo original.<\/p>\n<p>Se recomienda su manipulaci\u00f3n s\u00f3lo por personal t\u00e9cnico calificado, especializado en la reparaci\u00f3n de TV.<\/p>\n","protected":false},"excerpt":{"rendered":"<p>C\u00f3digo: 6870c-0532a La placa fue probada antes de ponerla a la venta. Los flex est\u00e1n en perfecto estado. Funciona correctamente, se retir\u00f3 de tv con pantalla rota. Art\u00edculo original. Se recomienda su manipulaci\u00f3n s\u00f3lo por personal t\u00e9cnico calificado, especializado en la reparaci\u00f3n de TV.<\/p>\n","protected":false},"featured_media":603,"template":"","meta":{"_monsterinsights_skip_tracking":false,"_monsterinsights_sitenote_active":false,"_monsterinsights_sitenote_note":"","_monsterinsights_sitenote_category":0},"product_brand":[],"product_cat":[26],"product_tag":[],"class_list":{"0":"post-602","1":"product","2":"type-product","3":"status-publish","4":"has-post-thumbnail","6":"product_cat-repuestos","7":"product_shipping_class-correo-argentino","9":"first","10":"instock","11":"shipping-taxable","12":"purchasable","13":"product-type-simple"},"_links":{"self":[{"href":"https:\/\/zonatecnosur.com.ar\/index.php?rest_route=\/wp\/v2\/product\/602","targetHints":{"allow":["GET"]}}],"collection":[{"href":"https:\/\/zonatecnosur.com.ar\/index.php?rest_route=\/wp\/v2\/product"}],"about":[{"href":"https:\/\/zonatecnosur.com.ar\/index.php?rest_route=\/wp\/v2\/types\/product"}],"wp:featuredmedia":[{"embeddable":true,"href":"https:\/\/zonatecnosur.com.ar\/index.php?rest_route=\/wp\/v2\/media\/603"}],"wp:attachment":[{"href":"https:\/\/zonatecnosur.com.ar\/index.php?rest_route=%2Fwp%2Fv2%2Fmedia&parent=602"}],"wp:term":[{"taxonomy":"product_brand","embeddable":true,"href":"https:\/\/zonatecnosur.com.ar\/index.php?rest_route=%2Fwp%2Fv2%2Fproduct_brand&post=602"},{"taxonomy":"product_cat","embeddable":true,"href":"https:\/\/zonatecnosur.com.ar\/index.php?rest_route=%2Fwp%2Fv2%2Fproduct_cat&post=602"},{"taxonomy":"product_tag","embeddable":true,"href":"https:\/\/zonatecnosur.com.ar\/index.php?rest_route=%2Fwp%2Fv2%2Fproduct_tag&post=602"}],"curies":[{"name":"wp","href":"https:\/\/api.w.org\/{rel}","templated":true}]}}