{"id":596,"date":"2026-02-10T18:59:29","date_gmt":"2026-02-10T21:59:29","guid":{"rendered":"https:\/\/zonatecnosur.com.ar\/?post_type=product&#038;p=596"},"modified":"2026-02-10T18:59:29","modified_gmt":"2026-02-10T21:59:29","slug":"715g7805-m02-b00-004n-main-tv-philips-43pfg5101-77","status":"publish","type":"product","link":"https:\/\/zonatecnosur.com.ar\/?product=715g7805-m02-b00-004n-main-tv-philips-43pfg5101-77","title":{"rendered":"715G7805-M02-B00-004N Main Tv Philips 43pfg5101\/77"},"content":{"rendered":"<p><em><strong>C\u00f3digo:<\/strong><\/em> 715G7805-M02-B00-004N<\/p>\n<p>La placa fue probada antes de ser puesta a la venta , funciona correctamente, se retir\u00f3 de tv con pantalla rota.<br \/>\nArt\u00edculo original<br \/>\nSe recomienda su manipulaci\u00f3n s\u00f3lo por personal t\u00e9cnico calificado.<\/p>\n","protected":false},"excerpt":{"rendered":"<p>C\u00f3digo: 715G7805-M02-B00-004N La placa fue probada antes de ser puesta a la venta , funciona correctamente, se retir\u00f3 de tv con pantalla rota. Art\u00edculo original Se recomienda su manipulaci\u00f3n s\u00f3lo por personal t\u00e9cnico calificado.<\/p>\n","protected":false},"featured_media":597,"template":"","meta":{"_monsterinsights_skip_tracking":false,"_monsterinsights_sitenote_active":false,"_monsterinsights_sitenote_note":"","_monsterinsights_sitenote_category":0},"product_brand":[43],"product_cat":[26],"product_tag":[144,143,145],"class_list":{"0":"post-596","1":"product","2":"type-product","3":"status-publish","4":"has-post-thumbnail","6":"product_brand-philips","7":"product_cat-repuestos","8":"product_tag-43pfg5101-77","9":"product_tag-715g7805-m02-b00-004n","10":"product_tag-tv-philips","11":"product_shipping_class-correo-argentino","13":"first","14":"instock","15":"shipping-taxable","16":"purchasable","17":"product-type-simple"},"_links":{"self":[{"href":"https:\/\/zonatecnosur.com.ar\/index.php?rest_route=\/wp\/v2\/product\/596","targetHints":{"allow":["GET"]}}],"collection":[{"href":"https:\/\/zonatecnosur.com.ar\/index.php?rest_route=\/wp\/v2\/product"}],"about":[{"href":"https:\/\/zonatecnosur.com.ar\/index.php?rest_route=\/wp\/v2\/types\/product"}],"wp:featuredmedia":[{"embeddable":true,"href":"https:\/\/zonatecnosur.com.ar\/index.php?rest_route=\/wp\/v2\/media\/597"}],"wp:attachment":[{"href":"https:\/\/zonatecnosur.com.ar\/index.php?rest_route=%2Fwp%2Fv2%2Fmedia&parent=596"}],"wp:term":[{"taxonomy":"product_brand","embeddable":true,"href":"https:\/\/zonatecnosur.com.ar\/index.php?rest_route=%2Fwp%2Fv2%2Fproduct_brand&post=596"},{"taxonomy":"product_cat","embeddable":true,"href":"https:\/\/zonatecnosur.com.ar\/index.php?rest_route=%2Fwp%2Fv2%2Fproduct_cat&post=596"},{"taxonomy":"product_tag","embeddable":true,"href":"https:\/\/zonatecnosur.com.ar\/index.php?rest_route=%2Fwp%2Fv2%2Fproduct_tag&post=596"}],"curies":[{"name":"wp","href":"https:\/\/api.w.org\/{rel}","templated":true}]}}