{"id":586,"date":"2026-02-07T18:10:51","date_gmt":"2026-02-07T21:10:51","guid":{"rendered":"https:\/\/zonatecnosur.com.ar\/?post_type=product&#038;p=586"},"modified":"2026-02-12T18:40:47","modified_gmt":"2026-02-12T21:40:47","slug":"botonera-e303981-sensor-ir-cable-tv-noblex-42ld870fim","status":"publish","type":"product","link":"https:\/\/zonatecnosur.com.ar\/?product=botonera-e303981-sensor-ir-cable-tv-noblex-42ld870fim","title":{"rendered":"Botonera E303981+ Sensor IR + Cable Tv Noblex 42LD870FIM"},"content":{"rendered":"<p>C\u00f3digo: E303981<\/p>\n<p>Compatible: Tv Noblex 42ld870fim \/ Tv Philco Pld4234fim.<\/p>\n<p><strong>La botonera y el sensor fueron probados antes de ponerlos a la venta<\/strong>, funcionan correctamente, se retiraron de tv con pantalla rota.<br \/>\nArt\u00edculos originales.<\/p>\n<p>Se recomienda su manipulaci\u00f3n s\u00f3lo por personal t\u00e9cnico calificado, especializado en la reparaci\u00f3n de TV.<\/p>\n","protected":false},"excerpt":{"rendered":"<p>C\u00f3digo: E303981 Compatible: Tv Noblex 42ld870fim \/ Tv Philco Pld4234fim. La botonera y el sensor fueron probados antes de ponerlos a la venta, funcionan correctamente, se retiraron de tv con pantalla rota. Art\u00edculos originales. Se recomienda su manipulaci\u00f3n s\u00f3lo por personal t\u00e9cnico calificado, especializado en la reparaci\u00f3n de TV.<\/p>\n","protected":false},"featured_media":587,"template":"","meta":{"_monsterinsights_skip_tracking":false,"_monsterinsights_sitenote_active":false,"_monsterinsights_sitenote_note":"","_monsterinsights_sitenote_category":0},"product_brand":[79,41],"product_cat":[26],"product_tag":[138,137,109],"class_list":{"0":"post-586","1":"product","2":"type-product","3":"status-publish","4":"has-post-thumbnail","6":"product_brand-noblex","7":"product_brand-philco","8":"product_cat-repuestos","9":"product_tag-botonera-tv","10":"product_tag-e303981","11":"product_tag-sensor-ir","12":"product_shipping_class-correo-argentino","14":"first","15":"instock","16":"shipping-taxable","17":"purchasable","18":"product-type-simple"},"_links":{"self":[{"href":"https:\/\/zonatecnosur.com.ar\/index.php?rest_route=\/wp\/v2\/product\/586","targetHints":{"allow":["GET"]}}],"collection":[{"href":"https:\/\/zonatecnosur.com.ar\/index.php?rest_route=\/wp\/v2\/product"}],"about":[{"href":"https:\/\/zonatecnosur.com.ar\/index.php?rest_route=\/wp\/v2\/types\/product"}],"wp:featuredmedia":[{"embeddable":true,"href":"https:\/\/zonatecnosur.com.ar\/index.php?rest_route=\/wp\/v2\/media\/587"}],"wp:attachment":[{"href":"https:\/\/zonatecnosur.com.ar\/index.php?rest_route=%2Fwp%2Fv2%2Fmedia&parent=586"}],"wp:term":[{"taxonomy":"product_brand","embeddable":true,"href":"https:\/\/zonatecnosur.com.ar\/index.php?rest_route=%2Fwp%2Fv2%2Fproduct_brand&post=586"},{"taxonomy":"product_cat","embeddable":true,"href":"https:\/\/zonatecnosur.com.ar\/index.php?rest_route=%2Fwp%2Fv2%2Fproduct_cat&post=586"},{"taxonomy":"product_tag","embeddable":true,"href":"https:\/\/zonatecnosur.com.ar\/index.php?rest_route=%2Fwp%2Fv2%2Fproduct_tag&post=586"}],"curies":[{"name":"wp","href":"https:\/\/api.w.org\/{rel}","templated":true}]}}