{"id":581,"date":"2026-02-07T09:19:37","date_gmt":"2026-02-07T12:19:37","guid":{"rendered":"https:\/\/zonatecnosur.com.ar\/?post_type=product&#038;p=581"},"modified":"2026-02-07T09:20:56","modified_gmt":"2026-02-07T12:20:56","slug":"pw-mn427_561-modulo-wifi-antena","status":"publish","type":"product","link":"https:\/\/zonatecnosur.com.ar\/?product=pw-mn427_561-modulo-wifi-antena","title":{"rendered":"PW-MN427_561 M\u00f3dulo WiFi + Antena"},"content":{"rendered":"<p><em><strong>C\u00f3digo:<\/strong><\/em> pw-mn427_561<\/p>\n<p><strong><em>Compatible:<\/em><\/strong> Tv Noblex 42ld870fim \/ Tv Sansei Tds1550fi<\/p>\n<p>La placa fue probada antes de ser puesta a la venta , funciona correctamente, se retir\u00f3 de tv con pantalla rota.<br \/>\nArt\u00edculo original<br \/>\nSe recomienda su manipulaci\u00f3n s\u00f3lo por personal t\u00e9cnico calificado.<\/p>\n","protected":false},"excerpt":{"rendered":"<p>C\u00f3digo: pw-mn427_561 Compatible: Tv Noblex 42ld870fim \/ Tv Sansei Tds1550fi La placa fue probada antes de ser puesta a la venta , funciona correctamente, se retir\u00f3 de tv con pantalla rota. Art\u00edculo original Se recomienda su manipulaci\u00f3n s\u00f3lo por personal t\u00e9cnico calificado.<\/p>\n","protected":false},"featured_media":582,"template":"","meta":{"_monsterinsights_skip_tracking":false,"_monsterinsights_sitenote_active":false,"_monsterinsights_sitenote_note":"","_monsterinsights_sitenote_category":0},"product_brand":[79],"product_cat":[26],"product_tag":[73,134],"class_list":{"0":"post-581","1":"product","2":"type-product","3":"status-publish","4":"has-post-thumbnail","6":"product_brand-noblex","7":"product_cat-repuestos","8":"product_tag-modulo-wifi","9":"product_tag-pw-mn427_561","10":"product_shipping_class-correo-argentino","12":"first","13":"instock","14":"shipping-taxable","15":"purchasable","16":"product-type-simple"},"_links":{"self":[{"href":"https:\/\/zonatecnosur.com.ar\/index.php?rest_route=\/wp\/v2\/product\/581","targetHints":{"allow":["GET"]}}],"collection":[{"href":"https:\/\/zonatecnosur.com.ar\/index.php?rest_route=\/wp\/v2\/product"}],"about":[{"href":"https:\/\/zonatecnosur.com.ar\/index.php?rest_route=\/wp\/v2\/types\/product"}],"wp:featuredmedia":[{"embeddable":true,"href":"https:\/\/zonatecnosur.com.ar\/index.php?rest_route=\/wp\/v2\/media\/582"}],"wp:attachment":[{"href":"https:\/\/zonatecnosur.com.ar\/index.php?rest_route=%2Fwp%2Fv2%2Fmedia&parent=581"}],"wp:term":[{"taxonomy":"product_brand","embeddable":true,"href":"https:\/\/zonatecnosur.com.ar\/index.php?rest_route=%2Fwp%2Fv2%2Fproduct_brand&post=581"},{"taxonomy":"product_cat","embeddable":true,"href":"https:\/\/zonatecnosur.com.ar\/index.php?rest_route=%2Fwp%2Fv2%2Fproduct_cat&post=581"},{"taxonomy":"product_tag","embeddable":true,"href":"https:\/\/zonatecnosur.com.ar\/index.php?rest_route=%2Fwp%2Fv2%2Fproduct_tag&post=581"}],"curies":[{"name":"wp","href":"https:\/\/api.w.org\/{rel}","templated":true}]}}