{"id":578,"date":"2026-02-07T09:06:28","date_gmt":"2026-02-07T12:06:28","guid":{"rendered":"https:\/\/zonatecnosur.com.ar\/?post_type=product&#038;p=578"},"modified":"2026-02-07T09:06:28","modified_gmt":"2026-02-07T12:06:28","slug":"rsag7-820-5725-roh-main-tv-noblex-42ld870fim","status":"publish","type":"product","link":"https:\/\/zonatecnosur.com.ar\/?product=rsag7-820-5725-roh-main-tv-noblex-42ld870fim","title":{"rendered":"RSAG7.820.5725\/ROH &#8211; Main Tv Noblex 42LD870FIM"},"content":{"rendered":"<p>C\u00f3digo: RSAG7.820.5725\/ROH<\/p>\n<p>**\u00a0<strong><em>VER CONECTOR DEL FLEX<\/em>\u00a0 lvds <\/strong>**<\/p>\n<p>La placa fue probada antes de ser puesta a la venta , funciona correctamente, se retir\u00f3 de tv con pantalla rota.<br \/>\nArt\u00edculo original<br \/>\nSe recomienda su manipulaci\u00f3n s\u00f3lo por personal t\u00e9cnico calificado.<\/p>\n","protected":false},"excerpt":{"rendered":"<p>C\u00f3digo: RSAG7.820.5725\/ROH **\u00a0VER CONECTOR DEL FLEX\u00a0 lvds ** La placa fue probada antes de ser puesta a la venta , funciona correctamente, se retir\u00f3 de tv con pantalla rota. Art\u00edculo original Se recomienda su manipulaci\u00f3n s\u00f3lo por personal t\u00e9cnico calificado.<\/p>\n","protected":false},"featured_media":579,"template":"","meta":{"_monsterinsights_skip_tracking":false,"_monsterinsights_sitenote_active":false,"_monsterinsights_sitenote_note":"","_monsterinsights_sitenote_category":0},"product_brand":[79],"product_cat":[26],"product_tag":[133,132],"class_list":{"0":"post-578","1":"product","2":"type-product","3":"status-publish","4":"has-post-thumbnail","6":"product_brand-noblex","7":"product_cat-repuestos","8":"product_tag-main-tv-noblex","9":"product_tag-rsag7-820-5725-roh","10":"product_shipping_class-correo-argentino","12":"first","13":"instock","14":"shipping-taxable","15":"purchasable","16":"product-type-simple"},"_links":{"self":[{"href":"https:\/\/zonatecnosur.com.ar\/index.php?rest_route=\/wp\/v2\/product\/578","targetHints":{"allow":["GET"]}}],"collection":[{"href":"https:\/\/zonatecnosur.com.ar\/index.php?rest_route=\/wp\/v2\/product"}],"about":[{"href":"https:\/\/zonatecnosur.com.ar\/index.php?rest_route=\/wp\/v2\/types\/product"}],"wp:featuredmedia":[{"embeddable":true,"href":"https:\/\/zonatecnosur.com.ar\/index.php?rest_route=\/wp\/v2\/media\/579"}],"wp:attachment":[{"href":"https:\/\/zonatecnosur.com.ar\/index.php?rest_route=%2Fwp%2Fv2%2Fmedia&parent=578"}],"wp:term":[{"taxonomy":"product_brand","embeddable":true,"href":"https:\/\/zonatecnosur.com.ar\/index.php?rest_route=%2Fwp%2Fv2%2Fproduct_brand&post=578"},{"taxonomy":"product_cat","embeddable":true,"href":"https:\/\/zonatecnosur.com.ar\/index.php?rest_route=%2Fwp%2Fv2%2Fproduct_cat&post=578"},{"taxonomy":"product_tag","embeddable":true,"href":"https:\/\/zonatecnosur.com.ar\/index.php?rest_route=%2Fwp%2Fv2%2Fproduct_tag&post=578"}],"curies":[{"name":"wp","href":"https:\/\/api.w.org\/{rel}","templated":true}]}}