{"id":572,"date":"2026-01-19T17:59:08","date_gmt":"2026-01-19T20:59:08","guid":{"rendered":"https:\/\/zonatecnosur.com.ar\/?post_type=product&#038;p=572"},"modified":"2026-01-19T18:12:20","modified_gmt":"2026-01-19T21:12:20","slug":"rsag7-820-10147-roh-monoplaca-tv-noblex-dk50x6500","status":"publish","type":"product","link":"https:\/\/zonatecnosur.com.ar\/?product=rsag7-820-10147-roh-monoplaca-tv-noblex-dk50x6500","title":{"rendered":"RSAG7.820.10147\/ROH &#8211; Monoplaca Tv Noblex DK50X6500"},"content":{"rendered":"<p><em>C\u00f3digo:<\/em> RSAG7.820.10147\/ROH<\/p>\n<p><em>Compatible:<\/em> Noblex DK50X6500 \/ DK50X6550 \u2013 Philco PLD50US21A \/ PLD50HS22 \/ PLD50HS2250 \u2013 TEDGE TE50US21 \u2013 Sansei TDS2150UI \/ TDS2250UI \u2013 JVC LT50DA7125 ASHIMA AS50US21 \u2013 Hisense 50A641GSV \/ 50A64H \u2013 THS TH5021UH6<\/p>\n<p><strong>La placa fue probada antes de ponerla a la venta<\/strong>, funciona correctamente, se retir\u00f3 de tv con pantalla rota.<br \/>\nArt\u00edculo original.<\/p>\n<p>Se recomienda su manipulaci\u00f3n s\u00f3lo por personal t\u00e9cnico calificado, especializado en la reparaci\u00f3n de TV.<\/p>\n","protected":false},"excerpt":{"rendered":"<p><img loading=\"lazy\" decoding=\"async\" class=\"alignnone size-full wp-image-575\" src=\"https:\/\/zonatecnosur.com.ar\/wp-content\/uploads\/2026\/01\/envioGratis.png\" alt=\"\" width=\"164\" height=\"66\" \/><\/p>\n","protected":false},"featured_media":573,"template":"","meta":{"_monsterinsights_skip_tracking":false,"_monsterinsights_sitenote_active":false,"_monsterinsights_sitenote_note":"","_monsterinsights_sitenote_category":0},"product_brand":[79],"product_cat":[26],"product_tag":[],"class_list":{"0":"post-572","1":"product","2":"type-product","3":"status-publish","4":"has-post-thumbnail","6":"product_brand-noblex","7":"product_cat-repuestos","8":"product_shipping_class-envio-gratis","10":"first","11":"instock","12":"shipping-taxable","13":"purchasable","14":"product-type-simple"},"_links":{"self":[{"href":"https:\/\/zonatecnosur.com.ar\/index.php?rest_route=\/wp\/v2\/product\/572","targetHints":{"allow":["GET"]}}],"collection":[{"href":"https:\/\/zonatecnosur.com.ar\/index.php?rest_route=\/wp\/v2\/product"}],"about":[{"href":"https:\/\/zonatecnosur.com.ar\/index.php?rest_route=\/wp\/v2\/types\/product"}],"wp:featuredmedia":[{"embeddable":true,"href":"https:\/\/zonatecnosur.com.ar\/index.php?rest_route=\/wp\/v2\/media\/573"}],"wp:attachment":[{"href":"https:\/\/zonatecnosur.com.ar\/index.php?rest_route=%2Fwp%2Fv2%2Fmedia&parent=572"}],"wp:term":[{"taxonomy":"product_brand","embeddable":true,"href":"https:\/\/zonatecnosur.com.ar\/index.php?rest_route=%2Fwp%2Fv2%2Fproduct_brand&post=572"},{"taxonomy":"product_cat","embeddable":true,"href":"https:\/\/zonatecnosur.com.ar\/index.php?rest_route=%2Fwp%2Fv2%2Fproduct_cat&post=572"},{"taxonomy":"product_tag","embeddable":true,"href":"https:\/\/zonatecnosur.com.ar\/index.php?rest_route=%2Fwp%2Fv2%2Fproduct_tag&post=572"}],"curies":[{"name":"wp","href":"https:\/\/api.w.org\/{rel}","templated":true}]}}