{"id":560,"date":"2026-01-08T11:54:08","date_gmt":"2026-01-08T14:54:08","guid":{"rendered":"https:\/\/zonatecnosur.com.ar\/?post_type=product&#038;p=560"},"modified":"2026-01-08T12:05:35","modified_gmt":"2026-01-08T15:05:35","slug":"sensor-ir-bn41-02285a","status":"publish","type":"product","link":"https:\/\/zonatecnosur.com.ar\/?product=sensor-ir-bn41-02285a","title":{"rendered":"BN41-02285A &#8211; Encendido Tv Samsung + Sensor IR + Cable flex"},"content":{"rendered":"<p><em>C\u00f3digo<\/em>: BN41-02285A<\/p>\n<p><em>Compatible:<\/em>\u00a0 Tv Samsung UN40H4203AG \/ Samsung UN40H4200AG \/ Samsung UN40H5100AGCFV.<\/p>\n<p>Art\u00edculo nuevo.<\/p>\n<p>Se recomienda su manipulaci\u00f3n s\u00f3lo por personal t\u00e9cnico calificado, especializado en la reparaci\u00f3n de TV.<\/p>\n","protected":false},"excerpt":{"rendered":"<p>C\u00f3digo: BN41-02285A Compatible:\u00a0 Tv Samsung UN40H4203AG \/ Samsung UN40H4200AG \/ Samsung UN40H5100AGCFV. Art\u00edculo nuevo. Se recomienda su manipulaci\u00f3n s\u00f3lo por personal t\u00e9cnico calificado, especializado en la reparaci\u00f3n de TV.<\/p>\n","protected":false},"featured_media":561,"template":"","meta":{"_monsterinsights_skip_tracking":false,"_monsterinsights_sitenote_active":false,"_monsterinsights_sitenote_note":"","_monsterinsights_sitenote_category":0},"product_brand":[42],"product_cat":[26],"product_tag":[100],"class_list":{"0":"post-560","1":"product","2":"type-product","3":"status-publish","4":"has-post-thumbnail","6":"product_brand-samsung","7":"product_cat-repuestos","8":"product_tag-bn41-02285a","9":"product_shipping_class-correo-argentino","11":"first","12":"instock","13":"shipping-taxable","14":"purchasable","15":"product-type-simple"},"_links":{"self":[{"href":"https:\/\/zonatecnosur.com.ar\/index.php?rest_route=\/wp\/v2\/product\/560","targetHints":{"allow":["GET"]}}],"collection":[{"href":"https:\/\/zonatecnosur.com.ar\/index.php?rest_route=\/wp\/v2\/product"}],"about":[{"href":"https:\/\/zonatecnosur.com.ar\/index.php?rest_route=\/wp\/v2\/types\/product"}],"wp:featuredmedia":[{"embeddable":true,"href":"https:\/\/zonatecnosur.com.ar\/index.php?rest_route=\/wp\/v2\/media\/561"}],"wp:attachment":[{"href":"https:\/\/zonatecnosur.com.ar\/index.php?rest_route=%2Fwp%2Fv2%2Fmedia&parent=560"}],"wp:term":[{"taxonomy":"product_brand","embeddable":true,"href":"https:\/\/zonatecnosur.com.ar\/index.php?rest_route=%2Fwp%2Fv2%2Fproduct_brand&post=560"},{"taxonomy":"product_cat","embeddable":true,"href":"https:\/\/zonatecnosur.com.ar\/index.php?rest_route=%2Fwp%2Fv2%2Fproduct_cat&post=560"},{"taxonomy":"product_tag","embeddable":true,"href":"https:\/\/zonatecnosur.com.ar\/index.php?rest_route=%2Fwp%2Fv2%2Fproduct_tag&post=560"}],"curies":[{"name":"wp","href":"https:\/\/api.w.org\/{rel}","templated":true}]}}