{"id":556,"date":"2026-01-07T18:01:54","date_gmt":"2026-01-07T21:01:54","guid":{"rendered":"https:\/\/zonatecnosur.com.ar\/?post_type=product&#038;p=556"},"modified":"2026-01-19T18:15:51","modified_gmt":"2026-01-19T21:15:51","slug":"5844-a9k04t-0p00","status":"publish","type":"product","link":"https:\/\/zonatecnosur.com.ar\/?product=5844-a9k04t-0p00","title":{"rendered":"5844-A9K04T-0P00 Main Tv Skyworth 55Q3"},"content":{"rendered":"<p><em>C\u00f3digo<\/em>: 5844-A9K04T-0P00<\/p>\n<p><strong>La placa fue probada antes de ponerla a la venta<\/strong>, funciona correctamente, se retir\u00f3 de tv con pantalla rota.<br \/>\nArt\u00edculo original.<\/p>\n<p>Se recomienda su manipulaci\u00f3n s\u00f3lo por personal t\u00e9cnico calificado, especializado en la reparaci\u00f3n de TV.<\/p>\n","protected":false},"excerpt":{"rendered":"<p><img loading=\"lazy\" decoding=\"async\" class=\"alignnone size-full wp-image-575\" src=\"https:\/\/zonatecnosur.com.ar\/wp-content\/uploads\/2026\/01\/envioGratis.png\" alt=\"\" width=\"164\" height=\"66\" \/><\/p>\n","protected":false},"featured_media":557,"template":"","meta":{"_monsterinsights_skip_tracking":false,"_monsterinsights_sitenote_active":false,"_monsterinsights_sitenote_note":"","_monsterinsights_sitenote_category":0},"product_brand":[97],"product_cat":[26],"product_tag":[123,99,98],"class_list":{"0":"post-556","1":"product","2":"type-product","3":"status-publish","4":"has-post-thumbnail","6":"product_brand-skyworth","7":"product_cat-repuestos","8":"product_tag-55q3","9":"product_tag-5844-a9k04t-0p00","10":"product_tag-skyworth","11":"product_shipping_class-envio-gratis","13":"first","14":"instock","15":"shipping-taxable","16":"purchasable","17":"product-type-simple"},"_links":{"self":[{"href":"https:\/\/zonatecnosur.com.ar\/index.php?rest_route=\/wp\/v2\/product\/556","targetHints":{"allow":["GET"]}}],"collection":[{"href":"https:\/\/zonatecnosur.com.ar\/index.php?rest_route=\/wp\/v2\/product"}],"about":[{"href":"https:\/\/zonatecnosur.com.ar\/index.php?rest_route=\/wp\/v2\/types\/product"}],"wp:featuredmedia":[{"embeddable":true,"href":"https:\/\/zonatecnosur.com.ar\/index.php?rest_route=\/wp\/v2\/media\/557"}],"wp:attachment":[{"href":"https:\/\/zonatecnosur.com.ar\/index.php?rest_route=%2Fwp%2Fv2%2Fmedia&parent=556"}],"wp:term":[{"taxonomy":"product_brand","embeddable":true,"href":"https:\/\/zonatecnosur.com.ar\/index.php?rest_route=%2Fwp%2Fv2%2Fproduct_brand&post=556"},{"taxonomy":"product_cat","embeddable":true,"href":"https:\/\/zonatecnosur.com.ar\/index.php?rest_route=%2Fwp%2Fv2%2Fproduct_cat&post=556"},{"taxonomy":"product_tag","embeddable":true,"href":"https:\/\/zonatecnosur.com.ar\/index.php?rest_route=%2Fwp%2Fv2%2Fproduct_tag&post=556"}],"curies":[{"name":"wp","href":"https:\/\/api.w.org\/{rel}","templated":true}]}}