{"id":541,"date":"2026-01-07T16:37:46","date_gmt":"2026-01-07T19:37:46","guid":{"rendered":"https:\/\/zonatecnosur.com.ar\/?post_type=product&#038;p=541"},"modified":"2026-01-08T12:09:12","modified_gmt":"2026-01-08T15:09:12","slug":"flex-dk50x6500","status":"publish","type":"product","link":"https:\/\/zonatecnosur.com.ar\/?product=flex-dk50x6500","title":{"rendered":"Flex 1240163 &#8211; Tv NOBLEX \/ BGH"},"content":{"rendered":"<p><em>C\u00f3digo<\/em>: 1240163<\/p>\n<p><em>Compatible:<\/em> Tv Noblex dk50x6500 \/ Tv Bgh B5021uh6a u otro que posea tCon Cv500u2-t01-cb-1<\/p>\n<p>Art\u00edculo nuevo.<\/p>\n<p>Se recomienda su manipulaci\u00f3n s\u00f3lo por personal t\u00e9cnico calificado, especializado en la reparaci\u00f3n de TV.<\/p>\n","protected":false},"excerpt":{"rendered":"<p>C\u00f3digo: 1240163 Compatible: Tv Noblex dk50x6500 \/ Tv Bgh B5021uh6a u otro que posea tCon Cv500u2-t01-cb-1 Art\u00edculo nuevo. Se recomienda su manipulaci\u00f3n s\u00f3lo por personal t\u00e9cnico calificado, especializado en la reparaci\u00f3n de TV.<\/p>\n","protected":false},"featured_media":542,"template":"","meta":{"_monsterinsights_skip_tracking":false,"_monsterinsights_sitenote_active":false,"_monsterinsights_sitenote_note":"","_monsterinsights_sitenote_category":0},"product_brand":[78,79],"product_cat":[26],"product_tag":[93],"class_list":{"0":"post-541","1":"product","2":"type-product","3":"status-publish","4":"has-post-thumbnail","6":"product_brand-bgh","7":"product_brand-noblex","8":"product_cat-repuestos","9":"product_tag-flex-1240163","10":"product_shipping_class-correo-argentino","12":"first","13":"instock","14":"shipping-taxable","15":"purchasable","16":"product-type-simple"},"_links":{"self":[{"href":"https:\/\/zonatecnosur.com.ar\/index.php?rest_route=\/wp\/v2\/product\/541","targetHints":{"allow":["GET"]}}],"collection":[{"href":"https:\/\/zonatecnosur.com.ar\/index.php?rest_route=\/wp\/v2\/product"}],"about":[{"href":"https:\/\/zonatecnosur.com.ar\/index.php?rest_route=\/wp\/v2\/types\/product"}],"wp:featuredmedia":[{"embeddable":true,"href":"https:\/\/zonatecnosur.com.ar\/index.php?rest_route=\/wp\/v2\/media\/542"}],"wp:attachment":[{"href":"https:\/\/zonatecnosur.com.ar\/index.php?rest_route=%2Fwp%2Fv2%2Fmedia&parent=541"}],"wp:term":[{"taxonomy":"product_brand","embeddable":true,"href":"https:\/\/zonatecnosur.com.ar\/index.php?rest_route=%2Fwp%2Fv2%2Fproduct_brand&post=541"},{"taxonomy":"product_cat","embeddable":true,"href":"https:\/\/zonatecnosur.com.ar\/index.php?rest_route=%2Fwp%2Fv2%2Fproduct_cat&post=541"},{"taxonomy":"product_tag","embeddable":true,"href":"https:\/\/zonatecnosur.com.ar\/index.php?rest_route=%2Fwp%2Fv2%2Fproduct_tag&post=541"}],"curies":[{"name":"wp","href":"https:\/\/api.w.org\/{rel}","templated":true}]}}