{"id":488,"date":"2025-08-21T16:48:03","date_gmt":"2025-08-21T19:48:03","guid":{"rendered":"https:\/\/zonatecnosur.com.ar\/?post_type=product&#038;p=488"},"modified":"2026-01-08T12:18:52","modified_gmt":"2026-01-08T15:18:52","slug":"modulo-wifi-ntd-b17","status":"publish","type":"product","link":"https:\/\/zonatecnosur.com.ar\/?product=modulo-wifi-ntd-b17","title":{"rendered":"NTUD-B17 &#8211; M\u00f3dulo WiFi Tv Philco pld32hs8b"},"content":{"rendered":"<p>C\u00f3digo: NTUD-B17<\/p>\n<p>(Se entrega con cable, como se ve en la imagen).<\/p>\n<p><strong>La placa fue probada antes de ponerla a la venta<\/strong>, funciona correctamente, se retir\u00f3 de tv con pantalla rota.<br \/>\nArt\u00edculo original.<\/p>\n<p>Se recomienda su manipulaci\u00f3n s\u00f3lo por personal t\u00e9cnico calificado, especializado en la reparaci\u00f3n de TV.<\/p>\n","protected":false},"excerpt":{"rendered":"<p>C\u00f3digo: NTUD-B17 (Se entrega con cable, como se ve en la imagen). La placa fue probada antes de ponerla a la venta, funciona correctamente, se retir\u00f3 de tv con pantalla rota. Art\u00edculo original. Se recomienda su manipulaci\u00f3n s\u00f3lo por personal t\u00e9cnico calificado, especializado en la reparaci\u00f3n de TV.<\/p>\n","protected":false},"featured_media":490,"template":"","meta":{"_monsterinsights_skip_tracking":false,"_monsterinsights_sitenote_active":false,"_monsterinsights_sitenote_note":"","_monsterinsights_sitenote_category":0},"product_brand":[],"product_cat":[26],"product_tag":[73,72,76,105],"class_list":{"0":"post-488","1":"product","2":"type-product","3":"status-publish","4":"has-post-thumbnail","6":"product_cat-repuestos","7":"product_tag-modulo-wifi","8":"product_tag-ntud-b17","9":"product_tag-philco","10":"product_tag-pld32hs8b","11":"product_shipping_class-correo-argentino","13":"first","14":"instock","15":"shipping-taxable","16":"purchasable","17":"product-type-simple"},"_links":{"self":[{"href":"https:\/\/zonatecnosur.com.ar\/index.php?rest_route=\/wp\/v2\/product\/488","targetHints":{"allow":["GET"]}}],"collection":[{"href":"https:\/\/zonatecnosur.com.ar\/index.php?rest_route=\/wp\/v2\/product"}],"about":[{"href":"https:\/\/zonatecnosur.com.ar\/index.php?rest_route=\/wp\/v2\/types\/product"}],"wp:featuredmedia":[{"embeddable":true,"href":"https:\/\/zonatecnosur.com.ar\/index.php?rest_route=\/wp\/v2\/media\/490"}],"wp:attachment":[{"href":"https:\/\/zonatecnosur.com.ar\/index.php?rest_route=%2Fwp%2Fv2%2Fmedia&parent=488"}],"wp:term":[{"taxonomy":"product_brand","embeddable":true,"href":"https:\/\/zonatecnosur.com.ar\/index.php?rest_route=%2Fwp%2Fv2%2Fproduct_brand&post=488"},{"taxonomy":"product_cat","embeddable":true,"href":"https:\/\/zonatecnosur.com.ar\/index.php?rest_route=%2Fwp%2Fv2%2Fproduct_cat&post=488"},{"taxonomy":"product_tag","embeddable":true,"href":"https:\/\/zonatecnosur.com.ar\/index.php?rest_route=%2Fwp%2Fv2%2Fproduct_tag&post=488"}],"curies":[{"name":"wp","href":"https:\/\/api.w.org\/{rel}","templated":true}]}}