{"id":421,"date":"2025-08-15T19:24:40","date_gmt":"2025-08-15T22:24:40","guid":{"rendered":"https:\/\/zonatecnosur.com.ar\/?post_type=product&#038;p=421"},"modified":"2026-01-08T12:29:40","modified_gmt":"2026-01-08T15:29:40","slug":"bn44-00300a-samsung-ln32b450c4","status":"publish","type":"product","link":"https:\/\/zonatecnosur.com.ar\/?product=bn44-00300a-samsung-ln32b450c4","title":{"rendered":"BN44-00300A, Fuente TV LCD SAMSUNG LN32B450C4"},"content":{"rendered":"<p class=\"ui-pdp-title\">C\u00f3digo: Bn44-00300a<\/p>\n<p><strong>La placa fue probada antes de ponerla a la venta<\/strong>, funciona correctamente, se retir\u00f3 de tv con pantalla rota.<br \/>\nArt\u00edculo original.<\/p>\n<p>Se recomienda su manipulaci\u00f3n s\u00f3lo por personal t\u00e9cnico calificado, especializado en la reparaci\u00f3n de TV.<\/p>\n<h6>Compatibilidad:<\/h6>\n<p>LN32B450C4CDF &#8211; LN32B450C4CFV &#8211; LN32B450C4 &#8211; LN32B550KIRCFV<\/p>\n<p>&nbsp;<\/p>\n","protected":false},"excerpt":{"rendered":"<p>C\u00f3digo: Bn44-00300a La placa fue probada antes de ponerla a la venta, funciona correctamente, se retir\u00f3 de tv con pantalla rota. Art\u00edculo original. Se recomienda su manipulaci\u00f3n s\u00f3lo por personal t\u00e9cnico calificado, especializado en la reparaci\u00f3n de TV. Compatibilidad: LN32B450C4CDF &#8211; LN32B450C4CFV &#8211; LN32B450C4 &#8211; LN32B550KIRCFV &nbsp;<\/p>\n","protected":false},"featured_media":504,"template":"","meta":{"_monsterinsights_skip_tracking":false,"_monsterinsights_sitenote_active":false,"_monsterinsights_sitenote_note":"","_monsterinsights_sitenote_category":0},"product_brand":[42],"product_cat":[26],"product_tag":[77,33,34],"class_list":{"0":"post-421","1":"product","2":"type-product","3":"status-publish","4":"has-post-thumbnail","6":"product_brand-samsung","7":"product_cat-repuestos","8":"product_tag-bn44-00300a","9":"product_tag-fuente","10":"product_tag-tv","11":"product_shipping_class-correo-argentino","13":"first","14":"instock","15":"featured","16":"sold-individually","17":"shipping-taxable","18":"purchasable","19":"product-type-simple"},"_links":{"self":[{"href":"https:\/\/zonatecnosur.com.ar\/index.php?rest_route=\/wp\/v2\/product\/421","targetHints":{"allow":["GET"]}}],"collection":[{"href":"https:\/\/zonatecnosur.com.ar\/index.php?rest_route=\/wp\/v2\/product"}],"about":[{"href":"https:\/\/zonatecnosur.com.ar\/index.php?rest_route=\/wp\/v2\/types\/product"}],"wp:featuredmedia":[{"embeddable":true,"href":"https:\/\/zonatecnosur.com.ar\/index.php?rest_route=\/wp\/v2\/media\/504"}],"wp:attachment":[{"href":"https:\/\/zonatecnosur.com.ar\/index.php?rest_route=%2Fwp%2Fv2%2Fmedia&parent=421"}],"wp:term":[{"taxonomy":"product_brand","embeddable":true,"href":"https:\/\/zonatecnosur.com.ar\/index.php?rest_route=%2Fwp%2Fv2%2Fproduct_brand&post=421"},{"taxonomy":"product_cat","embeddable":true,"href":"https:\/\/zonatecnosur.com.ar\/index.php?rest_route=%2Fwp%2Fv2%2Fproduct_cat&post=421"},{"taxonomy":"product_tag","embeddable":true,"href":"https:\/\/zonatecnosur.com.ar\/index.php?rest_route=%2Fwp%2Fv2%2Fproduct_tag&post=421"}],"curies":[{"name":"wp","href":"https:\/\/api.w.org\/{rel}","templated":true}]}}