{"id":418,"date":"2025-08-15T19:02:22","date_gmt":"2025-08-15T22:02:22","guid":{"rendered":"https:\/\/zonatecnosur.com.ar\/?post_type=product&#038;p=418"},"modified":"2026-02-12T18:43:15","modified_gmt":"2026-02-12T21:43:15","slug":"botonera-sensor-ir-samsung-ln32b450c4cdf","status":"publish","type":"product","link":"https:\/\/zonatecnosur.com.ar\/?product=botonera-sensor-ir-samsung-ln32b450c4cdf","title":{"rendered":"Botonera + sensor IR + flex TV SAMSUNG LN32B450C4CDF"},"content":{"rendered":"<p><strong>La placa fue probada antes de ponerla a la venta<\/strong>, funciona correctamente, se retir\u00f3 de tv con pantalla rota.<br \/>\nArt\u00edculo original. Se entrega como se ve en la imagen<\/p>\n<p>Se recomienda su manipulaci\u00f3n s\u00f3lo por personal t\u00e9cnico calificado, especializado en la reparaci\u00f3n de TV.<\/p>\n","protected":false},"excerpt":{"rendered":"<p>La placa fue probada antes de ponerla a la venta, funciona correctamente, se retir\u00f3 de tv con pantalla rota. Art\u00edculo original. Se entrega como se ve en la imagen Se recomienda su manipulaci\u00f3n s\u00f3lo por personal t\u00e9cnico calificado, especializado en la reparaci\u00f3n de TV.<\/p>\n","protected":false},"featured_media":419,"template":"","meta":{"_monsterinsights_skip_tracking":false,"_monsterinsights_sitenote_active":false,"_monsterinsights_sitenote_note":"","_monsterinsights_sitenote_category":0},"product_brand":[42],"product_cat":[26],"product_tag":[49,110,109],"class_list":{"0":"post-418","1":"product","2":"type-product","3":"status-publish","4":"has-post-thumbnail","6":"product_brand-samsung","7":"product_cat-repuestos","8":"product_tag-botonera","9":"product_tag-samsung","10":"product_tag-sensor-ir","11":"product_shipping_class-correo-argentino","13":"first","14":"instock","15":"featured","16":"sold-individually","17":"shipping-taxable","18":"purchasable","19":"product-type-simple"},"_links":{"self":[{"href":"https:\/\/zonatecnosur.com.ar\/index.php?rest_route=\/wp\/v2\/product\/418","targetHints":{"allow":["GET"]}}],"collection":[{"href":"https:\/\/zonatecnosur.com.ar\/index.php?rest_route=\/wp\/v2\/product"}],"about":[{"href":"https:\/\/zonatecnosur.com.ar\/index.php?rest_route=\/wp\/v2\/types\/product"}],"wp:featuredmedia":[{"embeddable":true,"href":"https:\/\/zonatecnosur.com.ar\/index.php?rest_route=\/wp\/v2\/media\/419"}],"wp:attachment":[{"href":"https:\/\/zonatecnosur.com.ar\/index.php?rest_route=%2Fwp%2Fv2%2Fmedia&parent=418"}],"wp:term":[{"taxonomy":"product_brand","embeddable":true,"href":"https:\/\/zonatecnosur.com.ar\/index.php?rest_route=%2Fwp%2Fv2%2Fproduct_brand&post=418"},{"taxonomy":"product_cat","embeddable":true,"href":"https:\/\/zonatecnosur.com.ar\/index.php?rest_route=%2Fwp%2Fv2%2Fproduct_cat&post=418"},{"taxonomy":"product_tag","embeddable":true,"href":"https:\/\/zonatecnosur.com.ar\/index.php?rest_route=%2Fwp%2Fv2%2Fproduct_tag&post=418"}],"curies":[{"name":"wp","href":"https:\/\/api.w.org\/{rel}","templated":true}]}}