{"id":359,"date":"2025-07-22T21:05:57","date_gmt":"2025-07-22T21:05:57","guid":{"rendered":"https:\/\/zonatecnosur.com.ar\/?post_type=product&#038;p=359"},"modified":"2026-01-08T12:45:58","modified_gmt":"2026-01-08T15:45:58","slug":"fuente-shg4202a-101h","status":"publish","type":"product","link":"https:\/\/zonatecnosur.com.ar\/?product=fuente-shg4202a-101h","title":{"rendered":"SHG4202A-101H Fuente TV RCA L40NXSMART"},"content":{"rendered":"<p>C\u00f3digo: SHG4202A-101H DLBB445<\/p>\n<p>Compatibilidad: TCL l40s4900 &#8211; TCL\u00a0l39s4900 &#8211; HITACHI CDH-LE40SMART10 &#8211; TCL 43p1usx &#8211; RCA L40nxsmart<\/p>\n<p><strong>La placa fue probada antes de ponerla a la venta<\/strong>, funciona correctamente, se retir\u00f3 de tv con pantalla rota.<br \/>\nArt\u00edculo original.<\/p>\n<p>Se recomienda su manipulaci\u00f3n s\u00f3lo por personal t\u00e9cnico calificado, especializado en la reparaci\u00f3n de TV.<\/p>\n","protected":false},"excerpt":{"rendered":"<p>C\u00f3digo: SHG4202A-101H DLBB445 Compatibilidad: TCL l40s4900 &#8211; TCL\u00a0l39s4900 &#8211; HITACHI CDH-LE40SMART10 &#8211; TCL 43p1usx &#8211; RCA L40nxsmart La placa fue probada antes de ponerla a la venta, funciona correctamente, se retir\u00f3 de tv con pantalla rota. Art\u00edculo original. Se recomienda su manipulaci\u00f3n s\u00f3lo por personal t\u00e9cnico calificado, especializado en la reparaci\u00f3n de TV.<\/p>\n","protected":false},"featured_media":360,"template":"","meta":{"_monsterinsights_skip_tracking":false,"_monsterinsights_sitenote_active":false,"_monsterinsights_sitenote_note":"","_monsterinsights_sitenote_category":0},"product_brand":[44],"product_cat":[26],"product_tag":[33,29,35,53,34],"class_list":{"0":"post-359","1":"product","2":"type-product","3":"status-publish","4":"has-post-thumbnail","6":"product_brand-rca","7":"product_cat-repuestos","8":"product_tag-fuente","9":"product_tag-placa","10":"product_tag-rca","11":"product_tag-shg4202a-101h","12":"product_tag-tv","13":"product_shipping_class-correo-argentino","15":"first","16":"instock","17":"featured","18":"purchasable","19":"product-type-simple"},"_links":{"self":[{"href":"https:\/\/zonatecnosur.com.ar\/index.php?rest_route=\/wp\/v2\/product\/359","targetHints":{"allow":["GET"]}}],"collection":[{"href":"https:\/\/zonatecnosur.com.ar\/index.php?rest_route=\/wp\/v2\/product"}],"about":[{"href":"https:\/\/zonatecnosur.com.ar\/index.php?rest_route=\/wp\/v2\/types\/product"}],"wp:featuredmedia":[{"embeddable":true,"href":"https:\/\/zonatecnosur.com.ar\/index.php?rest_route=\/wp\/v2\/media\/360"}],"wp:attachment":[{"href":"https:\/\/zonatecnosur.com.ar\/index.php?rest_route=%2Fwp%2Fv2%2Fmedia&parent=359"}],"wp:term":[{"taxonomy":"product_brand","embeddable":true,"href":"https:\/\/zonatecnosur.com.ar\/index.php?rest_route=%2Fwp%2Fv2%2Fproduct_brand&post=359"},{"taxonomy":"product_cat","embeddable":true,"href":"https:\/\/zonatecnosur.com.ar\/index.php?rest_route=%2Fwp%2Fv2%2Fproduct_cat&post=359"},{"taxonomy":"product_tag","embeddable":true,"href":"https:\/\/zonatecnosur.com.ar\/index.php?rest_route=%2Fwp%2Fv2%2Fproduct_tag&post=359"}],"curies":[{"name":"wp","href":"https:\/\/api.w.org\/{rel}","templated":true}]}}