{"id":213,"date":"2025-02-07T21:04:20","date_gmt":"2025-02-07T21:04:20","guid":{"rendered":"https:\/\/zonatecnosur.com.ar\/?post_type=product&#038;p=213"},"modified":"2026-01-08T13:08:24","modified_gmt":"2026-01-08T16:08:24","slug":"bn41-01162a","status":"publish","type":"product","link":"https:\/\/zonatecnosur.com.ar\/?product=bn41-01162a","title":{"rendered":"BN41-01162A Main Tv Samsung LN32B450C4CDF"},"content":{"rendered":"<p>Placa\u00a0<em>Main<\/em> Samsung Compatible con: ln32b450c4cdf &#8211; ln32b450c4 &#8211; ln32b450k1 &#8211; ln32b450c4cfv \u2013<\/p>\n<p>c\u00f3digo <em>bn41<\/em>&#8211;<em>01162a<\/em>.<\/p>\n<p><strong>La placa fue probada antes de ponerla a la venta<\/strong>, funciona correctamente, se retir\u00f3 de tv con pantalla rota.<br \/>\nArt\u00edculo original.<\/p>\n<p>Se recomienda su manipulaci\u00f3n s\u00f3lo por personal t\u00e9cnico calificado, especializado en la reparaci\u00f3n de TV.<\/p>\n<p>&nbsp;<\/p>\n","protected":false},"excerpt":{"rendered":"<p>Placa\u00a0Main Samsung Compatible con: ln32b450c4cdf &#8211; ln32b450c4 &#8211; ln32b450k1 &#8211; ln32b450c4cfv \u2013 c\u00f3digo bn41&#8211;01162a. La placa fue probada antes de ponerla a la venta, funciona correctamente, se retir\u00f3 de tv con pantalla rota. Art\u00edculo original. Se recomienda su manipulaci\u00f3n s\u00f3lo por personal t\u00e9cnico calificado, especializado en la reparaci\u00f3n de TV. &nbsp;<\/p>\n","protected":false},"featured_media":508,"template":"","meta":{"_monsterinsights_skip_tracking":false,"_monsterinsights_sitenote_active":false,"_monsterinsights_sitenote_note":"","_monsterinsights_sitenote_category":0},"product_brand":[42],"product_cat":[26],"product_tag":[54,116,55,110],"class_list":{"0":"post-213","1":"product","2":"type-product","3":"status-publish","4":"has-post-thumbnail","6":"product_brand-samsung","7":"product_cat-repuestos","8":"product_tag-bn41-01162a","9":"product_tag-ln32b450","10":"product_tag-main","11":"product_tag-samsung","12":"product_shipping_class-correo-argentino","14":"first","15":"instock","16":"featured","17":"shipping-taxable","18":"purchasable","19":"product-type-simple"},"_links":{"self":[{"href":"https:\/\/zonatecnosur.com.ar\/index.php?rest_route=\/wp\/v2\/product\/213","targetHints":{"allow":["GET"]}}],"collection":[{"href":"https:\/\/zonatecnosur.com.ar\/index.php?rest_route=\/wp\/v2\/product"}],"about":[{"href":"https:\/\/zonatecnosur.com.ar\/index.php?rest_route=\/wp\/v2\/types\/product"}],"wp:featuredmedia":[{"embeddable":true,"href":"https:\/\/zonatecnosur.com.ar\/index.php?rest_route=\/wp\/v2\/media\/508"}],"wp:attachment":[{"href":"https:\/\/zonatecnosur.com.ar\/index.php?rest_route=%2Fwp%2Fv2%2Fmedia&parent=213"}],"wp:term":[{"taxonomy":"product_brand","embeddable":true,"href":"https:\/\/zonatecnosur.com.ar\/index.php?rest_route=%2Fwp%2Fv2%2Fproduct_brand&post=213"},{"taxonomy":"product_cat","embeddable":true,"href":"https:\/\/zonatecnosur.com.ar\/index.php?rest_route=%2Fwp%2Fv2%2Fproduct_cat&post=213"},{"taxonomy":"product_tag","embeddable":true,"href":"https:\/\/zonatecnosur.com.ar\/index.php?rest_route=%2Fwp%2Fv2%2Fproduct_tag&post=213"}],"curies":[{"name":"wp","href":"https:\/\/api.w.org\/{rel}","templated":true}]}}