{"id":165,"date":"2025-02-04T21:23:25","date_gmt":"2025-02-04T21:23:25","guid":{"rendered":"https:\/\/zonatecnosur.com.ar\/?post_type=product&#038;p=165"},"modified":"2026-01-08T13:14:59","modified_gmt":"2026-01-08T16:14:59","slug":"botonera-cdh-le32smart10","status":"publish","type":"product","link":"https:\/\/zonatecnosur.com.ar\/?product=botonera-cdh-le32smart10","title":{"rendered":"Botonera Tv Hitachi Cdh-le32smart10 + cable flex"},"content":{"rendered":"<p>C\u00f3digo: Sh1 94v-0 E248779<\/p>\n<p><strong>La placa fue probada antes de ponerla a la venta<\/strong>, funciona correctamente, se retir\u00f3 de tv con pantalla rota.<br \/>\nArt\u00edculo original.<\/p>\n<p>Se recomienda su manipulaci\u00f3n s\u00f3lo por personal t\u00e9cnico calificado, especializado en la reparaci\u00f3n de TV.<\/p>\n","protected":false},"excerpt":{"rendered":"<p>C\u00f3digo: Sh1 94v-0 E248779 La placa fue probada antes de ponerla a la venta, funciona correctamente, se retir\u00f3 de tv con pantalla rota. Art\u00edculo original. Se recomienda su manipulaci\u00f3n s\u00f3lo por personal t\u00e9cnico calificado, especializado en la reparaci\u00f3n de TV.<\/p>\n","protected":false},"featured_media":485,"template":"","meta":{"_monsterinsights_skip_tracking":false,"_monsterinsights_sitenote_active":false,"_monsterinsights_sitenote_note":"","_monsterinsights_sitenote_category":0},"product_brand":[45],"product_cat":[26],"product_tag":[49,108,118,34],"class_list":{"0":"post-165","1":"product","2":"type-product","3":"status-publish","4":"has-post-thumbnail","6":"product_brand-hitachi","7":"product_cat-repuestos","8":"product_tag-botonera","9":"product_tag-cdh-le32smart10","10":"product_tag-hitachi","11":"product_tag-tv","12":"product_shipping_class-correo-argentino","14":"first","15":"instock","16":"shipping-taxable","17":"purchasable","18":"product-type-simple"},"_links":{"self":[{"href":"https:\/\/zonatecnosur.com.ar\/index.php?rest_route=\/wp\/v2\/product\/165","targetHints":{"allow":["GET"]}}],"collection":[{"href":"https:\/\/zonatecnosur.com.ar\/index.php?rest_route=\/wp\/v2\/product"}],"about":[{"href":"https:\/\/zonatecnosur.com.ar\/index.php?rest_route=\/wp\/v2\/types\/product"}],"wp:featuredmedia":[{"embeddable":true,"href":"https:\/\/zonatecnosur.com.ar\/index.php?rest_route=\/wp\/v2\/media\/485"}],"wp:attachment":[{"href":"https:\/\/zonatecnosur.com.ar\/index.php?rest_route=%2Fwp%2Fv2%2Fmedia&parent=165"}],"wp:term":[{"taxonomy":"product_brand","embeddable":true,"href":"https:\/\/zonatecnosur.com.ar\/index.php?rest_route=%2Fwp%2Fv2%2Fproduct_brand&post=165"},{"taxonomy":"product_cat","embeddable":true,"href":"https:\/\/zonatecnosur.com.ar\/index.php?rest_route=%2Fwp%2Fv2%2Fproduct_cat&post=165"},{"taxonomy":"product_tag","embeddable":true,"href":"https:\/\/zonatecnosur.com.ar\/index.php?rest_route=%2Fwp%2Fv2%2Fproduct_tag&post=165"}],"curies":[{"name":"wp","href":"https:\/\/api.w.org\/{rel}","templated":true}]}}