{"id":160,"date":"2025-02-04T21:20:19","date_gmt":"2025-02-04T21:20:19","guid":{"rendered":"https:\/\/zonatecnosur.com.ar\/?post_type=product&#038;p=160"},"modified":"2026-01-19T12:56:31","modified_gmt":"2026-01-19T15:56:31","slug":"pantalla-ltm185at05","status":"publish","type":"product","link":"https:\/\/zonatecnosur.com.ar\/?product=pantalla-ltm185at05","title":{"rendered":"LTM185AT05 Pantalla\/ Display Samsung 18,5 Pulgadas"},"content":{"rendered":"","protected":false},"excerpt":{"rendered":"<p>El repuesto fue probado, funciona correctamente.<br \/>\nArt\u00edculo original!<br \/>\nSe recomienda su manipulaci\u00f3n s\u00f3lo por personal t\u00e9cnico calificado.<\/p>\n<p>Pantalla de Panel LCD de 18,5 pulgadas LTM185AT05 .<\/p>\n<p>Resoluci\u00f3n HD. Matte.<br \/>\nPanel semi nuevo sin rayones ni marcas<\/p>\n<p>*** TIENE QUE SER NUMERO DE PARTE EXACTO LTM185AT05 O NO ES COMPATIBLE ****<\/p>\n<p>**** ATENCION :<br \/>\nVERIFICAR LA FICHA CON EL CABLE DE 4 PINES Y EL CONECTOR DE FLEX DE 30 PINES COMO SE VE EN LAS IMAGENES *****<\/p>\n<p>Ante dudas consultar por whatsapp<\/p>\n","protected":false},"featured_media":161,"template":"","meta":{"_monsterinsights_skip_tracking":false,"_monsterinsights_sitenote_active":false,"_monsterinsights_sitenote_note":"","_monsterinsights_sitenote_category":0},"product_brand":[42],"product_cat":[26],"product_tag":[121,119,120,110],"class_list":{"0":"post-160","1":"product","2":"type-product","3":"status-publish","4":"has-post-thumbnail","6":"product_brand-samsung","7":"product_cat-repuestos","8":"product_tag-display","9":"product_tag-ltm185at05","10":"product_tag-pantalla","11":"product_tag-samsung","12":"product_shipping_class-correo-argentino","14":"first","15":"instock","16":"featured","17":"sold-individually","18":"shipping-taxable","19":"purchasable","20":"product-type-simple"},"_links":{"self":[{"href":"https:\/\/zonatecnosur.com.ar\/index.php?rest_route=\/wp\/v2\/product\/160","targetHints":{"allow":["GET"]}}],"collection":[{"href":"https:\/\/zonatecnosur.com.ar\/index.php?rest_route=\/wp\/v2\/product"}],"about":[{"href":"https:\/\/zonatecnosur.com.ar\/index.php?rest_route=\/wp\/v2\/types\/product"}],"wp:featuredmedia":[{"embeddable":true,"href":"https:\/\/zonatecnosur.com.ar\/index.php?rest_route=\/wp\/v2\/media\/161"}],"wp:attachment":[{"href":"https:\/\/zonatecnosur.com.ar\/index.php?rest_route=%2Fwp%2Fv2%2Fmedia&parent=160"}],"wp:term":[{"taxonomy":"product_brand","embeddable":true,"href":"https:\/\/zonatecnosur.com.ar\/index.php?rest_route=%2Fwp%2Fv2%2Fproduct_brand&post=160"},{"taxonomy":"product_cat","embeddable":true,"href":"https:\/\/zonatecnosur.com.ar\/index.php?rest_route=%2Fwp%2Fv2%2Fproduct_cat&post=160"},{"taxonomy":"product_tag","embeddable":true,"href":"https:\/\/zonatecnosur.com.ar\/index.php?rest_route=%2Fwp%2Fv2%2Fproduct_tag&post=160"}],"curies":[{"name":"wp","href":"https:\/\/api.w.org\/{rel}","templated":true}]}}