{"id":76,"date":"2025-02-04T01:26:27","date_gmt":"2025-02-04T01:26:27","guid":{"rendered":"https:\/\/zonatecnosur.com.ar\/?page_id=76"},"modified":"2026-03-13T12:28:46","modified_gmt":"2026-03-13T15:28:46","slug":"inicio","status":"publish","type":"page","link":"https:\/\/zonatecnosur.com.ar\/?page_id=76","title":{"rendered":"Inicio"},"content":{"rendered":"\n<h1 class=\"wp-block-heading\"><strong>Bienvenido a Zona Tecno Sur \u2013 Tu Tienda de Electr\u00f3nica e Inform\u00e1tica<\/strong><\/h1>\n\n\n\n<p>En <strong>Zona Tecno Sur<\/strong>, ofrecemos una amplia variedad de <strong>repuestos electr\u00f3nicos, insumos inform\u00e1ticos y componentes de alta calidad<\/strong> para t\u00e9cnicos, aficionados y empresas.<\/p>\n\n\n\n<p>\ud83d\udccc <strong>\u00bfQu\u00e9 encontrar\u00e1s en nuestra tienda?<\/strong><br>\u2705 Repuestos para TV: exclusivo para t\u00e9cnicos y\/o personas calificadas que realizan reparaciones. Nuestros productos son originales, testeados y se entregan con garant\u00eda de funcionamiento.<br>\u2705 Accesorios para TV, tales como dispositivos conversores a SmarTV. Soportes para pared, etc<br>\u2705 Herramientas y accesorios para reparaci\u00f3n y montaje.<br>\u2705 Insumos inform\u00e1ticos: cables, conectores, perif\u00e9ricos y soluciones de red.<\/p>\n\n\n\n<p>\ud83d\udca1 <strong>Calidad y asesoramiento t\u00e9cnico garantizado<\/strong><br>Dirigida por el t\u00e9cnico especializado con m\u00e1s de 30 a\u00f1os de experiencia en el rubro <strong>Oscar Hern\u00e1ndez<\/strong>, nuestra empresa no solo vende productos, sino que tambi\u00e9n ofrece <strong>asesoramiento experto<\/strong> para que encuentres la mejor soluci\u00f3n para tus proyectos y reparaciones.<\/p>\n\n\n\n<p>\ud83d\uded2 <strong>Compra f\u00e1cil, r\u00e1pida y segura<\/strong><br>Hac\u00e9 tu pedido online y recib\u00ed tus productos en todo el pa\u00eds. \u00a1Explor\u00e1 nuestro cat\u00e1logo y equipate con lo mejor en tecnolog\u00eda!<\/p>\n\n\n\n<p>\ud83d\udce9 <strong>\u00bfTenes dudas?<\/strong> Contactanos y te ayudaremos a encontrar lo que necesitas.<\/p>\n\n\n\n<p><\/p>\n\n\n\n<p><\/p>\n\n\n\n<div class=\"wp-block-contact-form-7-contact-form-selector\">\n<div class=\"wpcf7 no-js\" id=\"wpcf7-f287-o1\" lang=\"es-AR\" dir=\"ltr\" data-wpcf7-id=\"287\">\n<div class=\"screen-reader-response\"><p role=\"status\" aria-live=\"polite\" aria-atomic=\"true\"><\/p> <ul><\/ul><\/div>\n<form action=\"\/index.php?rest_route=%2Fwp%2Fv2%2Fpages%2F76#wpcf7-f287-o1\" method=\"post\" class=\"wpcf7-form init\" aria-label=\"Formulario de contacto\" novalidate=\"novalidate\" data-status=\"init\">\n<fieldset class=\"hidden-fields-container\"><input type=\"hidden\" name=\"_wpcf7\" value=\"287\" \/><input type=\"hidden\" name=\"_wpcf7_version\" value=\"6.1.5\" \/><input type=\"hidden\" name=\"_wpcf7_locale\" value=\"es_AR\" \/><input type=\"hidden\" name=\"_wpcf7_unit_tag\" value=\"wpcf7-f287-o1\" \/><input type=\"hidden\" name=\"_wpcf7_container_post\" value=\"0\" \/><input type=\"hidden\" name=\"_wpcf7_posted_data_hash\" value=\"\" \/><input type=\"hidden\" name=\"_wpcf7_recaptcha_response\" value=\"\" \/>\n<\/fieldset>\n<p><label> \u00bfCu\u00e1l es tu nombre?<br \/>\n<span class=\"wpcf7-form-control-wrap\" data-name=\"your-name\"><input size=\"40\" maxlength=\"400\" class=\"wpcf7-form-control wpcf7-text wpcf7-validates-as-required\" autocomplete=\"name\" aria-required=\"true\" aria-invalid=\"false\" value=\"\" type=\"text\" name=\"your-name\" \/><\/span> <\/label>\n<\/p>\n<p><label> \u00bfCu\u00e1l es tu correo electr\u00f3nico?<br \/>\n<span class=\"wpcf7-form-control-wrap\" data-name=\"your-email\"><input size=\"40\" maxlength=\"400\" class=\"wpcf7-form-control wpcf7-email wpcf7-validates-as-required wpcf7-text wpcf7-validates-as-email\" autocomplete=\"email\" aria-required=\"true\" aria-invalid=\"false\" value=\"\" type=\"email\" name=\"your-email\" \/><\/span> <\/label>\n<\/p>\n<p><label> \u00bfCu\u00e1l es el motivo de tu consulta?<br \/>\n<span class=\"wpcf7-form-control-wrap\" data-name=\"your-subject\"><input size=\"40\" maxlength=\"400\" class=\"wpcf7-form-control wpcf7-text wpcf7-validates-as-required\" aria-required=\"true\" aria-invalid=\"false\" value=\"\" type=\"text\" name=\"your-subject\" \/><\/span> <\/label>\n<\/p>\n<p><label> Escrib\u00ed aqu\u00ed tu mensaje<br \/>\n<span class=\"wpcf7-form-control-wrap\" data-name=\"your-message\"><textarea cols=\"40\" rows=\"10\" maxlength=\"2000\" class=\"wpcf7-form-control wpcf7-textarea\" aria-invalid=\"false\" name=\"your-message\"><\/textarea><\/span> <\/label>\n<\/p>\n<p><input class=\"wpcf7-form-control wpcf7-submit has-spinner\" type=\"submit\" value=\"Enviar\" \/>\n<\/p><p style=\"display: none !important;\" class=\"akismet-fields-container\" data-prefix=\"_wpcf7_ak_\"><label>&#916;<textarea name=\"_wpcf7_ak_hp_textarea\" cols=\"45\" rows=\"8\" maxlength=\"100\"><\/textarea><\/label><input type=\"hidden\" id=\"ak_js_1\" name=\"_wpcf7_ak_js\" value=\"142\"\/><script>document.getElementById( \"ak_js_1\" ).setAttribute( \"value\", ( new Date() ).getTime() );<\/script><\/p><div class=\"wpcf7-response-output\" aria-hidden=\"true\"><\/div>\n<\/form>\n<\/div>\n<\/div>\n\n\n\n<figure class=\"wp-block-image size-large\"><img loading=\"lazy\" decoding=\"async\" width=\"1024\" height=\"512\" src=\"https:\/\/zonatecnosur.com.ar\/wp-content\/uploads\/2026\/03\/50x100-1024x512.jpg\" alt=\"\" class=\"wp-image-647\" srcset=\"https:\/\/zonatecnosur.com.ar\/wp-content\/uploads\/2026\/03\/50x100-1024x512.jpg 1024w, https:\/\/zonatecnosur.com.ar\/wp-content\/uploads\/2026\/03\/50x100-300x150.jpg 300w, https:\/\/zonatecnosur.com.ar\/wp-content\/uploads\/2026\/03\/50x100-768x384.jpg 768w, https:\/\/zonatecnosur.com.ar\/wp-content\/uploads\/2026\/03\/50x100-1536x768.jpg 1536w, https:\/\/zonatecnosur.com.ar\/wp-content\/uploads\/2026\/03\/50x100-596x298.jpg 596w, https:\/\/zonatecnosur.com.ar\/wp-content\/uploads\/2026\/03\/50x100.jpg 1600w\" sizes=\"auto, (max-width: 1024px) 100vw, 1024px\" \/><\/figure>\n\n\n\n<p>\ud83c\udf10 <strong>Vis\u00edtanos en<\/strong> <a href=\"http:\/\/www.zonatecnosur.com.ar\">www.zonatecnosur.com.ar<\/a><\/p>\n","protected":false},"excerpt":{"rendered":"<p>Bienvenido a Zona Tecno Sur \u2013 Tu Tienda de Electr\u00f3nica e Inform\u00e1tica En Zona Tecno Sur, ofrecemos una amplia variedad de repuestos electr\u00f3nicos, insumos inform\u00e1ticos y componentes de alta calidad para t\u00e9cnicos, aficionados y empresas. \ud83d\udccc \u00bfQu\u00e9 encontrar\u00e1s en nuestra tienda?\u2705 Repuestos para TV: exclusivo para t\u00e9cnicos y\/o personas calificadas que realizan reparaciones. Nuestros productos [&hellip;]<\/p>\n","protected":false},"author":1,"featured_media":0,"parent":0,"menu_order":0,"comment_status":"closed","ping_status":"closed","template":"","meta":{"_monsterinsights_skip_tracking":false,"_monsterinsights_sitenote_active":false,"_monsterinsights_sitenote_note":"","_monsterinsights_sitenote_category":0,"footnotes":""},"class_list":["post-76","page","type-page","status-publish","hentry"],"_links":{"self":[{"href":"https:\/\/zonatecnosur.com.ar\/index.php?rest_route=\/wp\/v2\/pages\/76","targetHints":{"allow":["GET"]}}],"collection":[{"href":"https:\/\/zonatecnosur.com.ar\/index.php?rest_route=\/wp\/v2\/pages"}],"about":[{"href":"https:\/\/zonatecnosur.com.ar\/index.php?rest_route=\/wp\/v2\/types\/page"}],"author":[{"embeddable":true,"href":"https:\/\/zonatecnosur.com.ar\/index.php?rest_route=\/wp\/v2\/users\/1"}],"replies":[{"embeddable":true,"href":"https:\/\/zonatecnosur.com.ar\/index.php?rest_route=%2Fwp%2Fv2%2Fcomments&post=76"}],"version-history":[{"count":14,"href":"https:\/\/zonatecnosur.com.ar\/index.php?rest_route=\/wp\/v2\/pages\/76\/revisions"}],"predecessor-version":[{"id":679,"href":"https:\/\/zonatecnosur.com.ar\/index.php?rest_route=\/wp\/v2\/pages\/76\/revisions\/679"}],"wp:attachment":[{"href":"https:\/\/zonatecnosur.com.ar\/index.php?rest_route=%2Fwp%2Fv2%2Fmedia&parent=76"}],"curies":[{"name":"wp","href":"https:\/\/api.w.org\/{rel}","templated":true}]}}