{"id":300,"date":"2025-02-16T13:28:24","date_gmt":"2025-02-16T13:28:24","guid":{"rendered":"https:\/\/zonatecnosur.com.ar\/?page_id=300"},"modified":"2025-08-12T21:04:38","modified_gmt":"2025-08-13T00:04:38","slug":"ofertas","status":"publish","type":"page","link":"https:\/\/zonatecnosur.com.ar\/?page_id=300","title":{"rendered":"OFERTAS"},"content":{"rendered":"\n<div class=\"wp-block-media-text is-stacked-on-mobile\" style=\"grid-template-columns:42% auto\"><figure class=\"wp-block-media-text__media\"><a href=\"https:\/\/zonatecnosur.com.ar\/?product=notebook-aspire-go-intel-i3-n305\"><img loading=\"lazy\" decoding=\"async\" width=\"1024\" height=\"1024\" src=\"https:\/\/zonatecnosur.com.ar\/wp-content\/uploads\/2025\/02\/Post-Instagram-Oferta-Promo-Tecnologia-1-1-1024x1024.png\" alt=\"\" class=\"wp-image-301 size-full\" srcset=\"https:\/\/zonatecnosur.com.ar\/wp-content\/uploads\/2025\/02\/Post-Instagram-Oferta-Promo-Tecnologia-1-1-1024x1024.png 1024w, https:\/\/zonatecnosur.com.ar\/wp-content\/uploads\/2025\/02\/Post-Instagram-Oferta-Promo-Tecnologia-1-1-100x100.png 100w, https:\/\/zonatecnosur.com.ar\/wp-content\/uploads\/2025\/02\/Post-Instagram-Oferta-Promo-Tecnologia-1-1-596x596.png 596w, https:\/\/zonatecnosur.com.ar\/wp-content\/uploads\/2025\/02\/Post-Instagram-Oferta-Promo-Tecnologia-1-1-300x300.png 300w, https:\/\/zonatecnosur.com.ar\/wp-content\/uploads\/2025\/02\/Post-Instagram-Oferta-Promo-Tecnologia-1-1-150x150.png 150w, https:\/\/zonatecnosur.com.ar\/wp-content\/uploads\/2025\/02\/Post-Instagram-Oferta-Promo-Tecnologia-1-1-768x768.png 768w, https:\/\/zonatecnosur.com.ar\/wp-content\/uploads\/2025\/02\/Post-Instagram-Oferta-Promo-Tecnologia-1-1.png 1080w\" sizes=\"auto, (max-width: 1024px) 100vw, 1024px\" \/><\/a><\/figure><div class=\"wp-block-media-text__content\">\n<p>\ud83d\udd25 <strong>\u00a1Oferta por tiempo limitado!<\/strong> \ud83d\udd25<\/p>\n\n\n\n<p>\ud83d\udcbb <strong>Notebook Acer AG15-31P-3947<\/strong> \u2013 Potencia y rendimiento en un solo equipo.<\/p>\n\n\n\n<p>\u26a1 <strong>Especificaciones:<\/strong><br>\u2714 <strong>Procesador:<\/strong> Intel Core i3 N305<br>\u2714 <strong>Memoria RAM:<\/strong> 8GB<br>\u2714 <strong>Almacenamiento:<\/strong> 128GB SSD<br>\u2714 <strong>Pantalla:<\/strong> 15.6\u201d Full HD \ud83d\udcfa<br>\u2714 <strong>Sistema Operativo:<\/strong> Windows 11 \ud83d\udda5\ufe0f<\/p>\n\n\n\n<p>\ud83d\ude80 <strong>Ideal para trabajo, estudio y entretenimiento. \u00a1Ll\u00e9vala al mejor precio solo por tiempo limitado!<\/strong><\/p>\n\n\n\n<p>\ud83d\udccd <strong>Compr\u00e1 ahora en<\/strong> \ud83d\udc49 HAC\u00c9 CLICK<a href=\"http:\/\/www.zonatecnosur.com.ar\/\"> <\/a>EN LA IMAGEN y no te quedes sin la tuya.<\/p>\n\n\n\n<p>\ud83d\udd34 <strong>Stock limitado. \u00a1Aprovech\u00e1 esta oportunidad!<\/strong> <\/p>\n<\/div><\/div>\n\n\n\n<hr class=\"wp-block-separator has-text-color has-vivid-green-cyan-color has-alpha-channel-opacity has-vivid-green-cyan-background-color has-background is-style-wide\"\/>\n\n\n\n<div class=\"wp-block-media-text is-stacked-on-mobile\" style=\"grid-template-columns:40% auto\"><figure class=\"wp-block-media-text__media\"><a href=\"https:\/\/zonatecnosur.com.ar\/?product=extensor-repetidor-de-senal-wifi-tp-link-re200-dual-band-ac750\"><img loading=\"lazy\" decoding=\"async\" width=\"1024\" height=\"1024\" src=\"https:\/\/zonatecnosur.com.ar\/wp-content\/uploads\/2025\/02\/1-1024x1024.png\" alt=\"\" class=\"wp-image-312 size-full\" srcset=\"https:\/\/zonatecnosur.com.ar\/wp-content\/uploads\/2025\/02\/1-1024x1024.png 1024w, https:\/\/zonatecnosur.com.ar\/wp-content\/uploads\/2025\/02\/1-100x100.png 100w, https:\/\/zonatecnosur.com.ar\/wp-content\/uploads\/2025\/02\/1-596x596.png 596w, https:\/\/zonatecnosur.com.ar\/wp-content\/uploads\/2025\/02\/1-300x300.png 300w, https:\/\/zonatecnosur.com.ar\/wp-content\/uploads\/2025\/02\/1-150x150.png 150w, https:\/\/zonatecnosur.com.ar\/wp-content\/uploads\/2025\/02\/1-768x768.png 768w, https:\/\/zonatecnosur.com.ar\/wp-content\/uploads\/2025\/02\/1.png 1080w\" sizes=\"auto, (max-width: 1024px) 100vw, 1024px\" \/><\/a><\/figure><div class=\"wp-block-media-text__content\">\n<p>Extensor De Se\u00f1al Wifi Repetidor Tp-link Re200 2.4 Y 5 Ghz<\/p>\n\n\n\n<p>El modo Extensor de Cobertura extiende la se\u00f1al inal\u00e1mbrica perfectamente hasta zonas donde antes no llegaba o que son dif\u00edciles de cablear<br>S\u00f3lo necesita pulsar el bot\u00f3n Range Extender para ampliar f\u00e1cilmente la cobertura inal\u00e1mbrica<br>Compatible con dispositivos inal\u00e1mbricos 802.11 b\/g\/n y 802.11ac<br>Velocidad en Banda Dual de hasta 750 Mbps<br><\/p>\n<\/div><\/div>\n\n\n\n<p><\/p>\n","protected":false},"excerpt":{"rendered":"<p>\ud83d\udd25 \u00a1Oferta por tiempo limitado! \ud83d\udd25 \ud83d\udcbb Notebook Acer AG15-31P-3947 \u2013 Potencia y rendimiento en un solo equipo. \u26a1 Especificaciones:\u2714 Procesador: Intel Core i3 N305\u2714 Memoria RAM: 8GB\u2714 Almacenamiento: 128GB SSD\u2714 Pantalla: 15.6\u201d Full HD \ud83d\udcfa\u2714 Sistema Operativo: Windows 11 \ud83d\udda5\ufe0f \ud83d\ude80 Ideal para trabajo, estudio y entretenimiento. \u00a1Ll\u00e9vala al mejor precio solo por tiempo [&hellip;]<\/p>\n","protected":false},"author":1,"featured_media":0,"parent":0,"menu_order":0,"comment_status":"closed","ping_status":"closed","template":"","meta":{"_monsterinsights_skip_tracking":false,"_monsterinsights_sitenote_active":false,"_monsterinsights_sitenote_note":"","_monsterinsights_sitenote_category":0,"footnotes":""},"class_list":["post-300","page","type-page","status-publish","hentry"],"_links":{"self":[{"href":"https:\/\/zonatecnosur.com.ar\/index.php?rest_route=\/wp\/v2\/pages\/300","targetHints":{"allow":["GET"]}}],"collection":[{"href":"https:\/\/zonatecnosur.com.ar\/index.php?rest_route=\/wp\/v2\/pages"}],"about":[{"href":"https:\/\/zonatecnosur.com.ar\/index.php?rest_route=\/wp\/v2\/types\/page"}],"author":[{"embeddable":true,"href":"https:\/\/zonatecnosur.com.ar\/index.php?rest_route=\/wp\/v2\/users\/1"}],"replies":[{"embeddable":true,"href":"https:\/\/zonatecnosur.com.ar\/index.php?rest_route=%2Fwp%2Fv2%2Fcomments&post=300"}],"version-history":[{"count":6,"href":"https:\/\/zonatecnosur.com.ar\/index.php?rest_route=\/wp\/v2\/pages\/300\/revisions"}],"predecessor-version":[{"id":394,"href":"https:\/\/zonatecnosur.com.ar\/index.php?rest_route=\/wp\/v2\/pages\/300\/revisions\/394"}],"wp:attachment":[{"href":"https:\/\/zonatecnosur.com.ar\/index.php?rest_route=%2Fwp%2Fv2%2Fmedia&parent=300"}],"curies":[{"name":"wp","href":"https:\/\/api.w.org\/{rel}","templated":true}]}}